{"id":27057,"date":"2025-10-29T15:39:49","date_gmt":"2025-10-29T14:39:49","guid":{"rendered":"https:\/\/blickphotographie.fr\/?page_id=27057"},"modified":"2025-11-06T16:32:47","modified_gmt":"2025-11-06T15:32:47","slug":"projetsparticipatifs","status":"publish","type":"page","link":"https:\/\/blickphotographie.fr\/index.php\/projetsparticipatifs\/","title":{"rendered":"Projets Participatifs"},"content":{"rendered":"<section class=\"vc_row wpb_row vc_row-fluid\"><div class=\"wpb_column vc_column_container vc_col-has-fill vc_col-sm-12  col-xs-mobile-fullwidth\"><div class=\"vc_column-inner vc_custom_1761909259512\"><div class=\"wpb_wrapper\"><div class=\"vc_row wpb_row vc_inner vc_row-fluid\"><div class=\"wpb_column vc_column_container vc_col-sm-12  col-xs-mobile-fullwidth\"><div class=\"vc_column-inner \"><div class=\"wpb_wrapper\">[vc_empty_space height=\u00a0\u00bb200px\u00a0\u00bb el_id=\u00a0\u00bbespace\u00a0\u00bb el_class=\u00a0\u00bbespace\u00a0\u00bb]<\/div><\/div><\/div><\/div><div class=\"featurebox1 pofo-featurebox feature-box-1 featurebox1-1\" ><div class=\"margin-15px-bottom alt-font\"><h3 class=\"text-deep-pink char-value text-medium-gray letter-spacing-minus-1 font-weight-500\" style=\"color:#ff00ff; \">&gt;&gt;<\/h3><span class=\"text-large text-extra-dark-gray padding-20px-left sm-padding-15px width-100 line-height-22 display-table-cell vertical-align-middle pofo_font_1761909340895\" style=\"font-size: 30px;\" data-fontsize=\"30px\">PROJETS PARTICIPATIFS<\/span><\/div><div class=\"clearfix\"><\/div>\n                                    <div class=\"separator-line-horrizontal-medium-light3 bg-deep-pink margin-30px-top xs-margin-25px-top\" style=\"background:#ff00ff; height:2px; \"><\/div><\/div>[vc_empty_space height=\u00a0\u00bb100px\u00a0\u00bb]<div class=\"pofo-blog-masonry\"><ul class=\"blog-grid blog-4col gutter-small blog-post-gutter\"><li class=\"grid-sizer\"><\/li><li class=\"grid-item blog-post-style5 blog-style5-1 padding-5px-all\"><div class=\"post-26002 post type-post status-publish format-standard has-post-thumbnail hentry category-projets-participatifs tag-blick tag-exposition tag-fleuve tag-loire tag-memoire tag-nature tag-residence tag-rhone\"><div class=\"blog-post\"><div class=\"blog-post-images overflow-hidden position-relative text-center\"><a href=\"https:\/\/blickphotographie.fr\/index.php\/2023\/09\/27\/territoire-desrives\/\"><img width=\"2560\" height=\"1716\" src=\"https:\/\/blickphotographie.fr\/wp-content\/uploads\/2023\/09\/SMIRIL-Appareil-4_000028-scaled.jpg\" class=\"attachment-full size-full wp-post-image\" alt=\"\u00a9Blick Photographie, D\u00c9\/S\/RIVES\" loading=\"lazy\" title=\"\" srcset=\"https:\/\/blickphotographie.fr\/wp-content\/uploads\/2023\/09\/SMIRIL-Appareil-4_000028-scaled.jpg 2560w, https:\/\/blickphotographie.fr\/wp-content\/uploads\/2023\/09\/SMIRIL-Appareil-4_000028-300x201.jpg 300w, https:\/\/blickphotographie.fr\/wp-content\/uploads\/2023\/09\/SMIRIL-Appareil-4_000028-1024x686.jpg 1024w, https:\/\/blickphotographie.fr\/wp-content\/uploads\/2023\/09\/SMIRIL-Appareil-4_000028-768x515.jpg 768w, https:\/\/blickphotographie.fr\/wp-content\/uploads\/2023\/09\/SMIRIL-Appareil-4_000028-1536x1029.jpg 1536w, https:\/\/blickphotographie.fr\/wp-content\/uploads\/2023\/09\/SMIRIL-Appareil-4_000028-2048x1373.jpg 2048w, https:\/\/blickphotographie.fr\/wp-content\/uploads\/2023\/09\/SMIRIL-Appareil-4_000028-1150x771.jpg 1150w, https:\/\/blickphotographie.fr\/wp-content\/uploads\/2023\/09\/SMIRIL-Appareil-4_000028-120x80.jpg 120w, https:\/\/blickphotographie.fr\/wp-content\/uploads\/2023\/09\/SMIRIL-Appareil-4_000028-81x54.jpg 81w, https:\/\/blickphotographie.fr\/wp-content\/uploads\/2023\/09\/SMIRIL-Appareil-4_000028-600x402.jpg 600w\" sizes=\"(max-width: 2560px) 100vw, 2560px\" \/><\/a><\/div><div class=\"post-details padding-ten-all bg-white sm-padding-20px-all\" style=\"background-color:#ff00ff;\"><div class=\"blog-hover-color\"><\/div><a class=\"alt-font post-title text-medium text-extra-dark-gray display-block margin-10px-bottom entry-title\" href=\"https:\/\/blickphotographie.fr\/index.php\/2023\/09\/27\/territoire-desrives\/\">D\u00c9\/S\/RIVES<\/a><\/div><\/div><\/div><\/li><li class=\"grid-item blog-post-style5 blog-style5-2 padding-5px-all\"><div class=\"post-24279 post type-post status-publish format-standard has-post-thumbnail hentry category-projets-participatifs tag-blick tag-exposition tag-memoire tag-residence\"><div class=\"blog-post\"><div class=\"blog-post-images overflow-hidden position-relative text-center\"><a href=\"https:\/\/blickphotographie.fr\/index.php\/2022\/04\/07\/bugeysud-27-poses\/\"><img width=\"2560\" height=\"1713\" src=\"https:\/\/blickphotographie.fr\/wp-content\/uploads\/2022\/04\/136562_-101-scaled.jpg\" class=\"attachment-full size-full wp-post-image\" alt=\"\" loading=\"lazy\" title=\"\" srcset=\"https:\/\/blickphotographie.fr\/wp-content\/uploads\/2022\/04\/136562_-101-scaled.jpg 2560w, https:\/\/blickphotographie.fr\/wp-content\/uploads\/2022\/04\/136562_-101-300x201.jpg 300w, https:\/\/blickphotographie.fr\/wp-content\/uploads\/2022\/04\/136562_-101-1024x685.jpg 1024w, https:\/\/blickphotographie.fr\/wp-content\/uploads\/2022\/04\/136562_-101-768x514.jpg 768w, https:\/\/blickphotographie.fr\/wp-content\/uploads\/2022\/04\/136562_-101-1536x1028.jpg 1536w, https:\/\/blickphotographie.fr\/wp-content\/uploads\/2022\/04\/136562_-101-2048x1370.jpg 2048w, https:\/\/blickphotographie.fr\/wp-content\/uploads\/2022\/04\/136562_-101-1153x771.jpg 1153w, https:\/\/blickphotographie.fr\/wp-content\/uploads\/2022\/04\/136562_-101-120x80.jpg 120w, https:\/\/blickphotographie.fr\/wp-content\/uploads\/2022\/04\/136562_-101-81x54.jpg 81w, https:\/\/blickphotographie.fr\/wp-content\/uploads\/2022\/04\/136562_-101-600x401.jpg 600w\" sizes=\"(max-width: 2560px) 100vw, 2560px\" \/><\/a><\/div><div class=\"post-details padding-ten-all bg-white sm-padding-20px-all\" style=\"background-color:#ff00ff;\"><div class=\"blog-hover-color\"><\/div><a class=\"alt-font post-title text-medium text-extra-dark-gray display-block margin-10px-bottom entry-title\" href=\"https:\/\/blickphotographie.fr\/index.php\/2022\/04\/07\/bugeysud-27-poses\/\">Bugey Sud en 27 poses<\/a><\/div><\/div><\/div><\/li><li class=\"grid-item blog-post-style5 blog-style5-3 padding-5px-all\"><div class=\"post-24272 post type-post status-publish format-standard has-post-thumbnail hentry category-residence-a-linternational category-projets-participatifs tag-blick tag-exposition tag-international tag-memoire tag-residence tag-territoire\"><div class=\"blog-post\"><div class=\"blog-post-images overflow-hidden position-relative text-center\"><a href=\"https:\/\/blickphotographie.fr\/index.php\/2022\/04\/07\/les-nouvelles-des-jumelles\/\"><img width=\"750\" height=\"1000\" src=\"https:\/\/blickphotographie.fr\/wp-content\/uploads\/2022\/04\/4-Yohan-Seyssel-scaled-e1657207087169.jpg\" class=\"attachment-full size-full wp-post-image\" alt=\"\" loading=\"lazy\" title=\"\" srcset=\"https:\/\/blickphotographie.fr\/wp-content\/uploads\/2022\/04\/4-Yohan-Seyssel-scaled-e1657207087169.jpg 750w, https:\/\/blickphotographie.fr\/wp-content\/uploads\/2022\/04\/4-Yohan-Seyssel-scaled-e1657207087169-225x300.jpg 225w, https:\/\/blickphotographie.fr\/wp-content\/uploads\/2022\/04\/4-Yohan-Seyssel-scaled-e1657207087169-578x771.jpg 578w, https:\/\/blickphotographie.fr\/wp-content\/uploads\/2022\/04\/4-Yohan-Seyssel-scaled-e1657207087169-120x160.jpg 120w, https:\/\/blickphotographie.fr\/wp-content\/uploads\/2022\/04\/4-Yohan-Seyssel-scaled-e1657207087169-81x108.jpg 81w, https:\/\/blickphotographie.fr\/wp-content\/uploads\/2022\/04\/4-Yohan-Seyssel-scaled-e1657207087169-600x800.jpg 600w\" sizes=\"(max-width: 750px) 100vw, 750px\" \/><\/a><\/div><div class=\"post-details padding-ten-all bg-white sm-padding-20px-all\" style=\"background-color:#ff00ff;\"><div class=\"blog-hover-color\"><\/div><a class=\"alt-font post-title text-medium text-extra-dark-gray display-block margin-10px-bottom entry-title\" href=\"https:\/\/blickphotographie.fr\/index.php\/2022\/04\/07\/les-nouvelles-des-jumelles\/\">Les Nouvelles des Jumelles<\/a><\/div><\/div><\/div><\/li><li class=\"grid-item blog-post-style5 blog-style5-4 padding-5px-all\"><div class=\"post-24501 post type-post status-publish format-standard has-post-thumbnail hentry category-projets-participatifs tag-blick tag-exposition tag-memoire tag-residence\"><div class=\"blog-post\"><div class=\"blog-post-images overflow-hidden position-relative text-center\"><a href=\"https:\/\/blickphotographie.fr\/index.php\/2020\/03\/30\/recueil-jours-heureux\/\"><img width=\"1747\" height=\"2401\" src=\"https:\/\/blickphotographie.fr\/wp-content\/uploads\/2022\/04\/Fabienne.png\" class=\"attachment-full size-full wp-post-image\" alt=\"\" loading=\"lazy\" title=\"\" srcset=\"https:\/\/blickphotographie.fr\/wp-content\/uploads\/2022\/04\/Fabienne.png 1747w, https:\/\/blickphotographie.fr\/wp-content\/uploads\/2022\/04\/Fabienne-218x300.png 218w, https:\/\/blickphotographie.fr\/wp-content\/uploads\/2022\/04\/Fabienne-745x1024.png 745w, https:\/\/blickphotographie.fr\/wp-content\/uploads\/2022\/04\/Fabienne-768x1056.png 768w, https:\/\/blickphotographie.fr\/wp-content\/uploads\/2022\/04\/Fabienne-1118x1536.png 1118w, https:\/\/blickphotographie.fr\/wp-content\/uploads\/2022\/04\/Fabienne-1490x2048.png 1490w, https:\/\/blickphotographie.fr\/wp-content\/uploads\/2022\/04\/Fabienne-561x771.png 561w, https:\/\/blickphotographie.fr\/wp-content\/uploads\/2022\/04\/Fabienne-120x165.png 120w, https:\/\/blickphotographie.fr\/wp-content\/uploads\/2022\/04\/Fabienne-81x111.png 81w, https:\/\/blickphotographie.fr\/wp-content\/uploads\/2022\/04\/Fabienne-600x825.png 600w\" sizes=\"(max-width: 1747px) 100vw, 1747px\" \/><\/a><\/div><div class=\"post-details padding-ten-all bg-white sm-padding-20px-all\" style=\"background-color:#ff00ff;\"><div class=\"blog-hover-color\"><\/div><a class=\"alt-font post-title text-medium text-extra-dark-gray display-block margin-10px-bottom entry-title\" href=\"https:\/\/blickphotographie.fr\/index.php\/2020\/03\/30\/recueil-jours-heureux\/\">Recueil des jours heureux<\/a><\/div><\/div><\/div><\/li><\/ul><\/div><\/div><\/div><\/div><\/section>\n","protected":false},"excerpt":{"rendered":"Projet ParticipatifRecueil des jours heureux Recueil des jours Heureux est une approche photographique qui s\u2019\u00e9loigne volontairement de l\u2019\u00e9criture dite \u00ab documentaire \u00bb. Dans leurs travaux respectifs les deux auteurs photographes, Chlo\u00e9 Colin et Lo\u00efc Xavier, ont toujours m\u00eal\u00e9 po\u00e9sie, sensibilit\u00e9 et histoires personnelles au service d\u2019une photographie qui de fa\u00e7on intrins\u00e8que devient un objet documentaire. Il ne s\u2019agit pas d\u2019illustrer une r\u00e9alit\u00e9 froide et distante, mais plut\u00f4t d\u2019assumer toute la subjectivit\u00e9 et la beaut\u00e9 du - mensonge photographique. \u00c0 la demande de la Communaut\u00e9 de Commune du Forez Est et forts des rencontres que les deux photographes ont pu avoir, ce nouveau Recueil des jours Heureux propose une vision po\u00e9tique et fantasm\u00e9e d\u2019un territoire. Toujours dans le cadre d\u2019ateliers d\u00e9di\u00e9s \u00e0 la m\u00e9diation et \u00e0 la cr\u00e9ation, Chlo\u00e9 Colin et Lo\u00efc Xavier ont laiss\u00e9 les habitants du territoire s\u2019exprimer, se raconter \u00e0 travers le m\u00e9dium photographique, mais aussi la vid\u00e9o, la couture, le collage et l\u2019\u00e9criture. Cette restitution, compos\u00e9e de trois volets, propose une autre vision du monde qui nous entoure sous le prisme du roman, de l\u2019anecdote, de l\u2019histoire v\u00e9cue ou fantasm\u00e9e. Avec recul, le - mensonge photographique - d\u00e9voile la r\u00e9alit\u00e9 beaucoup plus qu\u2019il n\u2019y para\u00eet. [vc_single_image image=\"24694\"...","protected":false},"author":1,"featured_media":0,"parent":0,"menu_order":0,"comment_status":"closed","ping_status":"closed","template":"","meta":[],"yoast_head":"<!-- This site is optimized with the Yoast SEO plugin v20.6 - https:\/\/yoast.com\/wordpress\/plugins\/seo\/ -->\n<title>Projets Participatifs - Blick Photographie<\/title>\n<meta name=\"robots\" content=\"index, follow, max-snippet:-1, max-image-preview:large, max-video-preview:-1\" \/>\n<link rel=\"canonical\" href=\"https:\/\/blickphotographie.fr\/index.php\/projetsparticipatifs\/\" \/>\n<meta property=\"og:locale\" content=\"fr_FR\" \/>\n<meta property=\"og:type\" content=\"article\" \/>\n<meta property=\"og:title\" content=\"Projets Participatifs - Blick Photographie\" \/>\n<meta property=\"og:url\" content=\"https:\/\/blickphotographie.fr\/index.php\/projetsparticipatifs\/\" \/>\n<meta property=\"og:site_name\" content=\"Blick Photographie\" \/>\n<meta property=\"article:modified_time\" content=\"2025-11-06T15:32:47+00:00\" \/>\n<meta name=\"twitter:card\" content=\"summary_large_image\" \/>\n<meta name=\"twitter:label1\" content=\"Dur\u00e9e de lecture estim\u00e9e\" \/>\n\t<meta name=\"twitter:data1\" content=\"1 minute\" \/>\n<script type=\"application\/ld+json\" class=\"yoast-schema-graph\">{\"@context\":\"https:\/\/schema.org\",\"@graph\":[{\"@type\":\"WebPage\",\"@id\":\"https:\/\/blickphotographie.fr\/index.php\/projetsparticipatifs\/\",\"url\":\"https:\/\/blickphotographie.fr\/index.php\/projetsparticipatifs\/\",\"name\":\"Projets Participatifs - Blick Photographie\",\"isPartOf\":{\"@id\":\"https:\/\/blickphotographie.fr\/#website\"},\"datePublished\":\"2025-10-29T14:39:49+00:00\",\"dateModified\":\"2025-11-06T15:32:47+00:00\",\"breadcrumb\":{\"@id\":\"https:\/\/blickphotographie.fr\/index.php\/projetsparticipatifs\/#breadcrumb\"},\"inLanguage\":\"fr-FR\",\"potentialAction\":[{\"@type\":\"ReadAction\",\"target\":[\"https:\/\/blickphotographie.fr\/index.php\/projetsparticipatifs\/\"]}]},{\"@type\":\"BreadcrumbList\",\"@id\":\"https:\/\/blickphotographie.fr\/index.php\/projetsparticipatifs\/#breadcrumb\",\"itemListElement\":[{\"@type\":\"ListItem\",\"position\":1,\"name\":\"Accueil\",\"item\":\"https:\/\/blickphotographie.fr\/\"},{\"@type\":\"ListItem\",\"position\":2,\"name\":\"Projets Participatifs\"}]},{\"@type\":\"WebSite\",\"@id\":\"https:\/\/blickphotographie.fr\/#website\",\"url\":\"https:\/\/blickphotographie.fr\/\",\"name\":\"Blick Photographie\",\"description\":\"\",\"publisher\":{\"@id\":\"https:\/\/blickphotographie.fr\/#organization\"},\"potentialAction\":[{\"@type\":\"SearchAction\",\"target\":{\"@type\":\"EntryPoint\",\"urlTemplate\":\"https:\/\/blickphotographie.fr\/?s={search_term_string}\"},\"query-input\":\"required name=search_term_string\"}],\"inLanguage\":\"fr-FR\"},{\"@type\":\"Organization\",\"@id\":\"https:\/\/blickphotographie.fr\/#organization\",\"name\":\"Blick Photographie\",\"url\":\"https:\/\/blickphotographie.fr\/\",\"logo\":{\"@type\":\"ImageObject\",\"inLanguage\":\"fr-FR\",\"@id\":\"https:\/\/blickphotographie.fr\/#\/schema\/logo\/image\/\",\"url\":\"https:\/\/blickphotographie.fr\/wp-content\/uploads\/2021\/10\/cropped-Logo-Site-Web-Seul.jpg\",\"contentUrl\":\"https:\/\/blickphotographie.fr\/wp-content\/uploads\/2021\/10\/cropped-Logo-Site-Web-Seul.jpg\",\"width\":139,\"height\":150,\"caption\":\"Blick Photographie\"},\"image\":{\"@id\":\"https:\/\/blickphotographie.fr\/#\/schema\/logo\/image\/\"}}]}<\/script>\n<!-- \/ Yoast SEO plugin. -->","yoast_head_json":{"title":"Projets Participatifs - Blick Photographie","robots":{"index":"index","follow":"follow","max-snippet":"max-snippet:-1","max-image-preview":"max-image-preview:large","max-video-preview":"max-video-preview:-1"},"canonical":"https:\/\/blickphotographie.fr\/index.php\/projetsparticipatifs\/","og_locale":"fr_FR","og_type":"article","og_title":"Projets Participatifs - Blick Photographie","og_url":"https:\/\/blickphotographie.fr\/index.php\/projetsparticipatifs\/","og_site_name":"Blick Photographie","article_modified_time":"2025-11-06T15:32:47+00:00","twitter_card":"summary_large_image","twitter_misc":{"Dur\u00e9e de lecture estim\u00e9e":"1 minute"},"schema":{"@context":"https:\/\/schema.org","@graph":[{"@type":"WebPage","@id":"https:\/\/blickphotographie.fr\/index.php\/projetsparticipatifs\/","url":"https:\/\/blickphotographie.fr\/index.php\/projetsparticipatifs\/","name":"Projets Participatifs - Blick Photographie","isPartOf":{"@id":"https:\/\/blickphotographie.fr\/#website"},"datePublished":"2025-10-29T14:39:49+00:00","dateModified":"2025-11-06T15:32:47+00:00","breadcrumb":{"@id":"https:\/\/blickphotographie.fr\/index.php\/projetsparticipatifs\/#breadcrumb"},"inLanguage":"fr-FR","potentialAction":[{"@type":"ReadAction","target":["https:\/\/blickphotographie.fr\/index.php\/projetsparticipatifs\/"]}]},{"@type":"BreadcrumbList","@id":"https:\/\/blickphotographie.fr\/index.php\/projetsparticipatifs\/#breadcrumb","itemListElement":[{"@type":"ListItem","position":1,"name":"Accueil","item":"https:\/\/blickphotographie.fr\/"},{"@type":"ListItem","position":2,"name":"Projets Participatifs"}]},{"@type":"WebSite","@id":"https:\/\/blickphotographie.fr\/#website","url":"https:\/\/blickphotographie.fr\/","name":"Blick Photographie","description":"","publisher":{"@id":"https:\/\/blickphotographie.fr\/#organization"},"potentialAction":[{"@type":"SearchAction","target":{"@type":"EntryPoint","urlTemplate":"https:\/\/blickphotographie.fr\/?s={search_term_string}"},"query-input":"required name=search_term_string"}],"inLanguage":"fr-FR"},{"@type":"Organization","@id":"https:\/\/blickphotographie.fr\/#organization","name":"Blick Photographie","url":"https:\/\/blickphotographie.fr\/","logo":{"@type":"ImageObject","inLanguage":"fr-FR","@id":"https:\/\/blickphotographie.fr\/#\/schema\/logo\/image\/","url":"https:\/\/blickphotographie.fr\/wp-content\/uploads\/2021\/10\/cropped-Logo-Site-Web-Seul.jpg","contentUrl":"https:\/\/blickphotographie.fr\/wp-content\/uploads\/2021\/10\/cropped-Logo-Site-Web-Seul.jpg","width":139,"height":150,"caption":"Blick Photographie"},"image":{"@id":"https:\/\/blickphotographie.fr\/#\/schema\/logo\/image\/"}}]}},"_links":{"self":[{"href":"https:\/\/blickphotographie.fr\/index.php\/wp-json\/wp\/v2\/pages\/27057"}],"collection":[{"href":"https:\/\/blickphotographie.fr\/index.php\/wp-json\/wp\/v2\/pages"}],"about":[{"href":"https:\/\/blickphotographie.fr\/index.php\/wp-json\/wp\/v2\/types\/page"}],"author":[{"embeddable":true,"href":"https:\/\/blickphotographie.fr\/index.php\/wp-json\/wp\/v2\/users\/1"}],"replies":[{"embeddable":true,"href":"https:\/\/blickphotographie.fr\/index.php\/wp-json\/wp\/v2\/comments?post=27057"}],"version-history":[{"count":11,"href":"https:\/\/blickphotographie.fr\/index.php\/wp-json\/wp\/v2\/pages\/27057\/revisions"}],"predecessor-version":[{"id":27592,"href":"https:\/\/blickphotographie.fr\/index.php\/wp-json\/wp\/v2\/pages\/27057\/revisions\/27592"}],"wp:attachment":[{"href":"https:\/\/blickphotographie.fr\/index.php\/wp-json\/wp\/v2\/media?parent=27057"}],"curies":[{"name":"wp","href":"https:\/\/api.w.org\/{rel}","templated":true}]}}