{"id":27068,"date":"2025-10-29T16:06:49","date_gmt":"2025-10-29T15:06:49","guid":{"rendered":"https:\/\/blickphotographie.fr\/?page_id=27068"},"modified":"2025-11-03T12:01:57","modified_gmt":"2025-11-03T11:01:57","slug":"justice-2","status":"publish","type":"page","link":"https:\/\/blickphotographie.fr\/index.php\/justice-2\/","title":{"rendered":"Justice"},"content":{"rendered":"<section class=\"vc_row wpb_row vc_row-fluid  vc_custom_1648115704090 vc_row-has-fill\"><div class=\"wpb_column vc_column_container vc_col-has-fill vc_col-sm-12  col-xs-mobile-fullwidth\"><div class=\"vc_column-inner vc_custom_1761908671055\"><div class=\"wpb_wrapper\"><div class=\"vc_row wpb_row vc_inner vc_row-fluid\"><div class=\"wpb_column vc_column_container vc_col-sm-12  col-xs-mobile-fullwidth\"><div class=\"vc_column-inner \"><div class=\"wpb_wrapper\">[vc_empty_space height=\u00a0\u00bb200px\u00a0\u00bb el_id=\u00a0\u00bbespace\u00a0\u00bb el_class=\u00a0\u00bbespace\u00a0\u00bb]<\/div><\/div><\/div><\/div><div class=\"featurebox1 pofo-featurebox feature-box-1 featurebox1-1\" ><div class=\"margin-15px-bottom alt-font\"><h3 class=\"text-deep-pink char-value text-medium-gray letter-spacing-minus-1 font-weight-500\" style=\"color:#00ffff; \">&gt;&gt;<\/h3><span class=\"text-large text-extra-dark-gray padding-20px-left sm-padding-15px width-100 line-height-22 display-table-cell vertical-align-middle\" style=\"font-size: 30px;\" data-fontsize=\"30px\">JUSTICE<\/span><\/div><\/div>[vc_empty_space height=\u00a0\u00bb100px\u00a0\u00bb]<div class=\"pofo-blog-masonry\"><ul class=\"blog-grid blog-4col gutter-small blog-post-gutter\"><li class=\"grid-sizer\"><\/li><li class=\"grid-item blog-post-style5 blog-style5-1 padding-5px-all\"><div class=\"post-24325 post type-post status-publish format-standard has-post-thumbnail hentry category-residence-culture-et-justice tag-blick tag-exposition tag-memoire tag-residence\"><div class=\"blog-post\"><div class=\"blog-post-images overflow-hidden position-relative text-center\"><a href=\"https:\/\/blickphotographie.fr\/index.php\/2018\/07\/15\/justice-pjjannonay-2\/\"><img width=\"2560\" height=\"1822\" src=\"https:\/\/blickphotographie.fr\/wp-content\/uploads\/2018\/07\/IMG_1862-copie-1-scaled.jpg\" class=\"attachment-full size-full wp-post-image\" alt=\"\" loading=\"lazy\" title=\"\" srcset=\"https:\/\/blickphotographie.fr\/wp-content\/uploads\/2018\/07\/IMG_1862-copie-1-scaled.jpg 2560w, https:\/\/blickphotographie.fr\/wp-content\/uploads\/2018\/07\/IMG_1862-copie-1-300x214.jpg 300w, https:\/\/blickphotographie.fr\/wp-content\/uploads\/2018\/07\/IMG_1862-copie-1-1024x729.jpg 1024w, https:\/\/blickphotographie.fr\/wp-content\/uploads\/2018\/07\/IMG_1862-copie-1-768x547.jpg 768w, https:\/\/blickphotographie.fr\/wp-content\/uploads\/2018\/07\/IMG_1862-copie-1-1536x1093.jpg 1536w, https:\/\/blickphotographie.fr\/wp-content\/uploads\/2018\/07\/IMG_1862-copie-1-2048x1458.jpg 2048w, https:\/\/blickphotographie.fr\/wp-content\/uploads\/2018\/07\/IMG_1862-copie-1-1083x771.jpg 1083w, https:\/\/blickphotographie.fr\/wp-content\/uploads\/2018\/07\/IMG_1862-copie-1-360x257.jpg 360w, https:\/\/blickphotographie.fr\/wp-content\/uploads\/2018\/07\/IMG_1862-copie-1-120x85.jpg 120w, https:\/\/blickphotographie.fr\/wp-content\/uploads\/2018\/07\/IMG_1862-copie-1-81x58.jpg 81w, https:\/\/blickphotographie.fr\/wp-content\/uploads\/2018\/07\/IMG_1862-copie-1-600x427.jpg 600w\" sizes=\"(max-width: 2560px) 100vw, 2560px\" \/><\/a><\/div><div class=\"post-details padding-ten-all bg-white sm-padding-20px-all\" style=\"background-color:#00ffff;\"><div class=\"blog-hover-color\"><\/div><a class=\"alt-font post-title text-medium text-extra-dark-gray display-block margin-10px-bottom entry-title\" href=\"https:\/\/blickphotographie.fr\/index.php\/2018\/07\/15\/justice-pjjannonay-2\/\">I want a ticket to anywhere #2<\/a><\/div><\/div><\/div><\/li><\/ul><\/div><\/div><\/div><\/div><\/section>\n","protected":false},"excerpt":{"rendered":"JUSTICEI want a ticket to anywhere #2 En juillet 2021, pour la deuxi\u00e8me ann\u00e9e cons\u00e9cutive, les trois photographes du collectif Blick Photographie \u2014 Amandine Bailly, Catherine Rey et Lo\u00efc Xavier \u2014 ont \u00e9t\u00e9 invit\u00e9s \u00e0 intervenir au sein de la Protection Judiciaire de la Jeunesse d\u2019Annonay. Apr\u00e8s un premier travail centr\u00e9 sur le portrait, cette nouvelle \u00e9dition de l\u2019atelier s\u2019est articul\u00e9e autour d\u2019une th\u00e9matique sensible : la prise de risque. \u00c0 travers l\u2019exp\u00e9rimentation photographique, les jeunes ont \u00e9t\u00e9 invit\u00e9s \u00e0 questionner cette notion, en explorant les limites entre ma\u00eetrise et hasard, contr\u00f4le et l\u00e2cher-prise. La photographie argentique, les superpositions al\u00e9atoires ou encore des mises en sc\u00e8ne influenc\u00e9es par le vent et les \u00e9l\u00e9ments naturels ont permis de traduire plastiquement cette tension entre intention et impr\u00e9vu. En acceptant de laisser une part de l\u2019image leur \u00e9chapper, les participants ont exp\u00e9riment\u00e9 une forme de libert\u00e9 cr\u00e9ative, o\u00f9 l\u2019erreur peut, parfois, devenir d\u00e9couverte. Une exposition a \u00e9t\u00e9 organis\u00e9e au sein de la PJJ d\u2019Annonay, valorisant le travail r\u00e9alis\u00e9. [vc_empty_space height=\"20px\"]VOIR L'EXPOSITION[vc_empty_space height=\"50px\"][vc_single_image image=\"27442\" img_size=\"large\"][vc_empty_space][vc_cta h2=\"\" style=\"custom\" el_width=\"lg\" custom_background=\"#41b2ba\"]Artistes intervenants Amandine Bailly, Catherine Rey et Lo\u00efc Xavier Educatrices Fr\u00e9d\u00e9rique Pailhes et Val\u00e9rie Gomis Financeurs La DRAC Auvergne Rh\u00f4ne-Alpes, La R\u00e9gion Auvergne Rh\u00f4ne-Alpes, Le service...","protected":false},"author":1,"featured_media":0,"parent":0,"menu_order":0,"comment_status":"closed","ping_status":"closed","template":"","meta":[],"yoast_head":"<!-- This site is optimized with the Yoast SEO plugin v20.6 - https:\/\/yoast.com\/wordpress\/plugins\/seo\/ -->\n<title>Justice - Blick Photographie<\/title>\n<meta name=\"robots\" content=\"index, follow, max-snippet:-1, max-image-preview:large, max-video-preview:-1\" \/>\n<link rel=\"canonical\" href=\"https:\/\/blickphotographie.fr\/index.php\/justice-2\/\" \/>\n<meta property=\"og:locale\" content=\"fr_FR\" \/>\n<meta property=\"og:type\" content=\"article\" \/>\n<meta property=\"og:title\" content=\"Justice - Blick Photographie\" \/>\n<meta property=\"og:url\" content=\"https:\/\/blickphotographie.fr\/index.php\/justice-2\/\" \/>\n<meta property=\"og:site_name\" content=\"Blick Photographie\" \/>\n<meta property=\"article:modified_time\" content=\"2025-11-03T11:01:57+00:00\" \/>\n<meta name=\"twitter:card\" content=\"summary_large_image\" \/>\n<meta name=\"twitter:label1\" content=\"Dur\u00e9e de lecture estim\u00e9e\" \/>\n\t<meta name=\"twitter:data1\" content=\"1 minute\" \/>\n<script type=\"application\/ld+json\" class=\"yoast-schema-graph\">{\"@context\":\"https:\/\/schema.org\",\"@graph\":[{\"@type\":\"WebPage\",\"@id\":\"https:\/\/blickphotographie.fr\/index.php\/justice-2\/\",\"url\":\"https:\/\/blickphotographie.fr\/index.php\/justice-2\/\",\"name\":\"Justice - Blick Photographie\",\"isPartOf\":{\"@id\":\"https:\/\/blickphotographie.fr\/#website\"},\"datePublished\":\"2025-10-29T15:06:49+00:00\",\"dateModified\":\"2025-11-03T11:01:57+00:00\",\"breadcrumb\":{\"@id\":\"https:\/\/blickphotographie.fr\/index.php\/justice-2\/#breadcrumb\"},\"inLanguage\":\"fr-FR\",\"potentialAction\":[{\"@type\":\"ReadAction\",\"target\":[\"https:\/\/blickphotographie.fr\/index.php\/justice-2\/\"]}]},{\"@type\":\"BreadcrumbList\",\"@id\":\"https:\/\/blickphotographie.fr\/index.php\/justice-2\/#breadcrumb\",\"itemListElement\":[{\"@type\":\"ListItem\",\"position\":1,\"name\":\"Accueil\",\"item\":\"https:\/\/blickphotographie.fr\/\"},{\"@type\":\"ListItem\",\"position\":2,\"name\":\"Justice\"}]},{\"@type\":\"WebSite\",\"@id\":\"https:\/\/blickphotographie.fr\/#website\",\"url\":\"https:\/\/blickphotographie.fr\/\",\"name\":\"Blick Photographie\",\"description\":\"\",\"publisher\":{\"@id\":\"https:\/\/blickphotographie.fr\/#organization\"},\"potentialAction\":[{\"@type\":\"SearchAction\",\"target\":{\"@type\":\"EntryPoint\",\"urlTemplate\":\"https:\/\/blickphotographie.fr\/?s={search_term_string}\"},\"query-input\":\"required name=search_term_string\"}],\"inLanguage\":\"fr-FR\"},{\"@type\":\"Organization\",\"@id\":\"https:\/\/blickphotographie.fr\/#organization\",\"name\":\"Blick Photographie\",\"url\":\"https:\/\/blickphotographie.fr\/\",\"logo\":{\"@type\":\"ImageObject\",\"inLanguage\":\"fr-FR\",\"@id\":\"https:\/\/blickphotographie.fr\/#\/schema\/logo\/image\/\",\"url\":\"https:\/\/blickphotographie.fr\/wp-content\/uploads\/2021\/10\/cropped-Logo-Site-Web-Seul.jpg\",\"contentUrl\":\"https:\/\/blickphotographie.fr\/wp-content\/uploads\/2021\/10\/cropped-Logo-Site-Web-Seul.jpg\",\"width\":139,\"height\":150,\"caption\":\"Blick Photographie\"},\"image\":{\"@id\":\"https:\/\/blickphotographie.fr\/#\/schema\/logo\/image\/\"}}]}<\/script>\n<!-- \/ Yoast SEO plugin. -->","yoast_head_json":{"title":"Justice - Blick Photographie","robots":{"index":"index","follow":"follow","max-snippet":"max-snippet:-1","max-image-preview":"max-image-preview:large","max-video-preview":"max-video-preview:-1"},"canonical":"https:\/\/blickphotographie.fr\/index.php\/justice-2\/","og_locale":"fr_FR","og_type":"article","og_title":"Justice - Blick Photographie","og_url":"https:\/\/blickphotographie.fr\/index.php\/justice-2\/","og_site_name":"Blick Photographie","article_modified_time":"2025-11-03T11:01:57+00:00","twitter_card":"summary_large_image","twitter_misc":{"Dur\u00e9e de lecture estim\u00e9e":"1 minute"},"schema":{"@context":"https:\/\/schema.org","@graph":[{"@type":"WebPage","@id":"https:\/\/blickphotographie.fr\/index.php\/justice-2\/","url":"https:\/\/blickphotographie.fr\/index.php\/justice-2\/","name":"Justice - Blick Photographie","isPartOf":{"@id":"https:\/\/blickphotographie.fr\/#website"},"datePublished":"2025-10-29T15:06:49+00:00","dateModified":"2025-11-03T11:01:57+00:00","breadcrumb":{"@id":"https:\/\/blickphotographie.fr\/index.php\/justice-2\/#breadcrumb"},"inLanguage":"fr-FR","potentialAction":[{"@type":"ReadAction","target":["https:\/\/blickphotographie.fr\/index.php\/justice-2\/"]}]},{"@type":"BreadcrumbList","@id":"https:\/\/blickphotographie.fr\/index.php\/justice-2\/#breadcrumb","itemListElement":[{"@type":"ListItem","position":1,"name":"Accueil","item":"https:\/\/blickphotographie.fr\/"},{"@type":"ListItem","position":2,"name":"Justice"}]},{"@type":"WebSite","@id":"https:\/\/blickphotographie.fr\/#website","url":"https:\/\/blickphotographie.fr\/","name":"Blick Photographie","description":"","publisher":{"@id":"https:\/\/blickphotographie.fr\/#organization"},"potentialAction":[{"@type":"SearchAction","target":{"@type":"EntryPoint","urlTemplate":"https:\/\/blickphotographie.fr\/?s={search_term_string}"},"query-input":"required name=search_term_string"}],"inLanguage":"fr-FR"},{"@type":"Organization","@id":"https:\/\/blickphotographie.fr\/#organization","name":"Blick Photographie","url":"https:\/\/blickphotographie.fr\/","logo":{"@type":"ImageObject","inLanguage":"fr-FR","@id":"https:\/\/blickphotographie.fr\/#\/schema\/logo\/image\/","url":"https:\/\/blickphotographie.fr\/wp-content\/uploads\/2021\/10\/cropped-Logo-Site-Web-Seul.jpg","contentUrl":"https:\/\/blickphotographie.fr\/wp-content\/uploads\/2021\/10\/cropped-Logo-Site-Web-Seul.jpg","width":139,"height":150,"caption":"Blick Photographie"},"image":{"@id":"https:\/\/blickphotographie.fr\/#\/schema\/logo\/image\/"}}]}},"_links":{"self":[{"href":"https:\/\/blickphotographie.fr\/index.php\/wp-json\/wp\/v2\/pages\/27068"}],"collection":[{"href":"https:\/\/blickphotographie.fr\/index.php\/wp-json\/wp\/v2\/pages"}],"about":[{"href":"https:\/\/blickphotographie.fr\/index.php\/wp-json\/wp\/v2\/types\/page"}],"author":[{"embeddable":true,"href":"https:\/\/blickphotographie.fr\/index.php\/wp-json\/wp\/v2\/users\/1"}],"replies":[{"embeddable":true,"href":"https:\/\/blickphotographie.fr\/index.php\/wp-json\/wp\/v2\/comments?post=27068"}],"version-history":[{"count":7,"href":"https:\/\/blickphotographie.fr\/index.php\/wp-json\/wp\/v2\/pages\/27068\/revisions"}],"predecessor-version":[{"id":27374,"href":"https:\/\/blickphotographie.fr\/index.php\/wp-json\/wp\/v2\/pages\/27068\/revisions\/27374"}],"wp:attachment":[{"href":"https:\/\/blickphotographie.fr\/index.php\/wp-json\/wp\/v2\/media?parent=27068"}],"curies":[{"name":"wp","href":"https:\/\/api.w.org\/{rel}","templated":true}]}}