{"id":27069,"date":"2025-10-29T16:11:07","date_gmt":"2025-10-29T15:11:07","guid":{"rendered":"https:\/\/blickphotographie.fr\/?page_id=27069"},"modified":"2025-11-06T16:33:46","modified_gmt":"2025-11-06T15:33:46","slug":"memoire","status":"publish","type":"page","link":"https:\/\/blickphotographie.fr\/index.php\/memoire\/","title":{"rendered":"M\u00e9moire"},"content":{"rendered":"<section class=\"vc_row wpb_row vc_row-fluid\"><div class=\"wpb_column vc_column_container vc_col-has-fill vc_col-sm-12  col-xs-mobile-fullwidth\"><div class=\"vc_column-inner vc_custom_1761908995521\"><div class=\"wpb_wrapper\"><div class=\"vc_row wpb_row vc_inner vc_row-fluid\"><div class=\"wpb_column vc_column_container vc_col-sm-12  col-xs-mobile-fullwidth\"><div class=\"vc_column-inner \"><div class=\"wpb_wrapper\">[vc_empty_space height=\u00a0\u00bb200px\u00a0\u00bb el_id=\u00a0\u00bbespace\u00a0\u00bb el_class=\u00a0\u00bbespace\u00a0\u00bb]<\/div><\/div><\/div><\/div><div class=\"featurebox1 pofo-featurebox feature-box-1 featurebox1-1\" ><div class=\"margin-15px-bottom alt-font\"><h3 class=\"text-deep-pink char-value text-medium-gray letter-spacing-minus-1 font-weight-500\" style=\"color:#00ffff; \">&gt;&gt;<\/h3><span class=\"text-large text-extra-dark-gray padding-20px-left sm-padding-15px width-100 line-height-22 display-table-cell vertical-align-middle\" style=\"font-size: 30px;\" data-fontsize=\"30px\">M\u00c9MOIRE<\/span><\/div><\/div>[vc_empty_space height=\u00a0\u00bb100px\u00a0\u00bb]<div class=\"pofo-blog-masonry\"><ul class=\"blog-grid blog-4col gutter-small blog-post-gutter\"><li class=\"grid-sizer\"><\/li><li class=\"grid-item blog-post-style5 blog-style5-1 padding-5px-all\"><div class=\"post-27040 post type-post status-publish format-standard has-post-thumbnail hentry category-residences-de-memoire category-residence-de-territoire\"><div class=\"blog-post\"><div class=\"blog-post-images overflow-hidden position-relative text-center\"><a href=\"https:\/\/blickphotographie.fr\/index.php\/2025\/10\/29\/sur-les-traces-des-sorcieres-de-rossillon\/\"><img width=\"800\" height=\"600\" src=\"https:\/\/blickphotographie.fr\/wp-content\/uploads\/2025\/10\/sorciere2.png\" class=\"attachment-full size-full wp-post-image\" alt=\"\" loading=\"lazy\" title=\"\" srcset=\"https:\/\/blickphotographie.fr\/wp-content\/uploads\/2025\/10\/sorciere2.png 800w, https:\/\/blickphotographie.fr\/wp-content\/uploads\/2025\/10\/sorciere2-300x225.png 300w, https:\/\/blickphotographie.fr\/wp-content\/uploads\/2025\/10\/sorciere2-768x576.png 768w, https:\/\/blickphotographie.fr\/wp-content\/uploads\/2025\/10\/sorciere2-120x90.png 120w, https:\/\/blickphotographie.fr\/wp-content\/uploads\/2025\/10\/sorciere2-81x61.png 81w, https:\/\/blickphotographie.fr\/wp-content\/uploads\/2025\/10\/sorciere2-600x450.png 600w\" sizes=\"(max-width: 800px) 100vw, 800px\" \/><\/a><\/div><div class=\"post-details padding-ten-all bg-white sm-padding-20px-all\" style=\"background-color:#00ffff;\"><div class=\"blog-hover-color\"><\/div><a class=\"alt-font post-title text-medium text-extra-dark-gray display-block margin-10px-bottom entry-title\" href=\"https:\/\/blickphotographie.fr\/index.php\/2025\/10\/29\/sur-les-traces-des-sorcieres-de-rossillon\/\">Les \u00ab\u00a0sorci\u00e8res\u00a0\u00bb de Rossillon &#8211; une m\u00e9moire sous silence<\/a><\/div><\/div><\/div><\/li><li class=\"grid-item blog-post-style5 blog-style5-2 padding-5px-all\"><div class=\"post-24798 post type-post status-publish format-standard has-post-thumbnail hentry category-residences-de-memoire tag-blick tag-exposition tag-memoire tag-residence\"><div class=\"blog-post\"><div class=\"blog-post-images overflow-hidden position-relative text-center\"><a href=\"https:\/\/blickphotographie.fr\/index.php\/2022\/04\/12\/memoire-valise-mekki\/\"><img width=\"1024\" height=\"1240\" src=\"https:\/\/blickphotographie.fr\/wp-content\/uploads\/2022\/04\/lavalise1.jpg\" class=\"attachment-full size-full wp-post-image\" alt=\"\" loading=\"lazy\" title=\"\" srcset=\"https:\/\/blickphotographie.fr\/wp-content\/uploads\/2022\/04\/lavalise1.jpg 1024w, https:\/\/blickphotographie.fr\/wp-content\/uploads\/2022\/04\/lavalise1-248x300.jpg 248w, https:\/\/blickphotographie.fr\/wp-content\/uploads\/2022\/04\/lavalise1-846x1024.jpg 846w, https:\/\/blickphotographie.fr\/wp-content\/uploads\/2022\/04\/lavalise1-768x930.jpg 768w, https:\/\/blickphotographie.fr\/wp-content\/uploads\/2022\/04\/lavalise1-637x771.jpg 637w, https:\/\/blickphotographie.fr\/wp-content\/uploads\/2022\/04\/lavalise1-120x145.jpg 120w, https:\/\/blickphotographie.fr\/wp-content\/uploads\/2022\/04\/lavalise1-81x98.jpg 81w, https:\/\/blickphotographie.fr\/wp-content\/uploads\/2022\/04\/lavalise1-600x727.jpg 600w\" sizes=\"(max-width: 1024px) 100vw, 1024px\" \/><\/a><\/div><div class=\"post-details padding-ten-all bg-white sm-padding-20px-all\" style=\"background-color:#00ffff;\"><div class=\"blog-hover-color\"><\/div><a class=\"alt-font post-title text-medium text-extra-dark-gray display-block margin-10px-bottom entry-title\" href=\"https:\/\/blickphotographie.fr\/index.php\/2022\/04\/12\/memoire-valise-mekki\/\">La valise de M. Mekki<\/a><\/div><\/div><\/div><\/li><li class=\"grid-item blog-post-style5 blog-style5-3 padding-5px-all\"><div class=\"post-24244 post type-post status-publish format-standard has-post-thumbnail hentry category-residences-de-memoire tag-blick tag-exposition tag-memoire tag-residence\"><div class=\"blog-post\"><div class=\"blog-post-images overflow-hidden position-relative text-center\"><a href=\"https:\/\/blickphotographie.fr\/index.php\/2022\/04\/07\/memoire-valise-ouverte\/\"><img width=\"2560\" height=\"1707\" src=\"https:\/\/blickphotographie.fr\/wp-content\/uploads\/2022\/04\/exposition-5-petit-format-scaled.jpg\" class=\"attachment-full size-full wp-post-image\" alt=\"\" loading=\"lazy\" title=\"\" srcset=\"https:\/\/blickphotographie.fr\/wp-content\/uploads\/2022\/04\/exposition-5-petit-format-scaled.jpg 2560w, https:\/\/blickphotographie.fr\/wp-content\/uploads\/2022\/04\/exposition-5-petit-format-300x200.jpg 300w\" sizes=\"(max-width: 2560px) 100vw, 2560px\" \/><\/a><\/div><div class=\"post-details padding-ten-all bg-white sm-padding-20px-all\" style=\"background-color:#00ffff;\"><div class=\"blog-hover-color\"><\/div><a class=\"alt-font post-title text-medium text-extra-dark-gray display-block margin-10px-bottom entry-title\" href=\"https:\/\/blickphotographie.fr\/index.php\/2022\/04\/07\/memoire-valise-ouverte\/\">Valise ouverte<\/a><\/div><\/div><\/div><\/li><\/ul><\/div><\/div><\/div><\/div><\/section>\n","protected":false},"excerpt":{"rendered":"M\u00e9moireValise ouverte En 2015-2016, Chlo\u00e9 Colin met en place avec sa belle-s\u0153ur, sociologue, Anna Colin Lebedev, dans le cadre de l\u2019appel \u00e0 projet \u00ab\u00a0M\u00e9moire du 20\u00e8me si\u00e8cle\u00a0\u00bb soutenu par la r\u00e9gion et la Drac Auvergne Rh\u00f4ne-Alpes un projet sur la place de l\u2019imaginaire dans la m\u00e9moire et la transmission de l\u2019exil. A partir de l\u2019enqu\u00eate conduite \u00e0 Villeurbanne aupr\u00e8s de familles juives, elle ont poursuivi une r\u00e9flexion personnelle sur la m\u00e9moire et la transmission donnant lieu \u00e0 la r\u00e9alisation d\u2019un film \u00ab\u00a0Sur les fleuves des Gratte-Ciel\u00a0\u00bb et d\u2019un travail visuel \u00ab\u00a0Traumland\u00a0\u00bb pr\u00e9sent\u00e9 au Rize en novembre 2016. Sur les fleuves des Gratte-Ciel \u2013 Film de 70 minutes Ce film confronte deux origines, qui se croisent et peut-\u00eatre se confondent\u00a0: celle d\u2019un quartier utopique, les Gratte-Ciel de Villeurbanne et celle de quatre personnages arriv\u00e9s dans les ann\u00e9es 1930 et 1980. Questionnant leur relation \u00e0 la langue, \u00e0 l\u2019exil et \u00e0 la jud\u00e9it\u00e9, Dominique Kohen Apfeldorfer, Francine Kahn, Eliane Benbanaste et Edmond Ghrenassia r\u00e9alisent des parcours symboliques \u00ab\u00a0Sur les fleuves des Gratte-Ciel\u00a0\u00bb. Au fil des d\u00e9ambulations, le film dresse peu \u00e0 peu une carte subjective et intime du territoire, en m\u00ealant des mots et des parcours, l\u2019histoire et la g\u00e9ographie, le r\u00e9el...","protected":false},"author":1,"featured_media":0,"parent":0,"menu_order":0,"comment_status":"closed","ping_status":"closed","template":"","meta":[],"yoast_head":"<!-- This site is optimized with the Yoast SEO plugin v20.6 - https:\/\/yoast.com\/wordpress\/plugins\/seo\/ -->\n<title>M\u00e9moire - Blick Photographie<\/title>\n<meta name=\"robots\" content=\"index, follow, max-snippet:-1, max-image-preview:large, max-video-preview:-1\" \/>\n<link rel=\"canonical\" href=\"https:\/\/blickphotographie.fr\/index.php\/memoire\/\" \/>\n<meta property=\"og:locale\" content=\"fr_FR\" \/>\n<meta property=\"og:type\" content=\"article\" \/>\n<meta property=\"og:title\" content=\"M\u00e9moire - Blick Photographie\" \/>\n<meta property=\"og:url\" content=\"https:\/\/blickphotographie.fr\/index.php\/memoire\/\" \/>\n<meta property=\"og:site_name\" content=\"Blick Photographie\" \/>\n<meta property=\"article:modified_time\" content=\"2025-11-06T15:33:46+00:00\" \/>\n<meta name=\"twitter:card\" content=\"summary_large_image\" \/>\n<meta name=\"twitter:label1\" content=\"Dur\u00e9e de lecture estim\u00e9e\" \/>\n\t<meta name=\"twitter:data1\" content=\"1 minute\" \/>\n<script type=\"application\/ld+json\" class=\"yoast-schema-graph\">{\"@context\":\"https:\/\/schema.org\",\"@graph\":[{\"@type\":\"WebPage\",\"@id\":\"https:\/\/blickphotographie.fr\/index.php\/memoire\/\",\"url\":\"https:\/\/blickphotographie.fr\/index.php\/memoire\/\",\"name\":\"M\u00e9moire - Blick Photographie\",\"isPartOf\":{\"@id\":\"https:\/\/blickphotographie.fr\/#website\"},\"datePublished\":\"2025-10-29T15:11:07+00:00\",\"dateModified\":\"2025-11-06T15:33:46+00:00\",\"breadcrumb\":{\"@id\":\"https:\/\/blickphotographie.fr\/index.php\/memoire\/#breadcrumb\"},\"inLanguage\":\"fr-FR\",\"potentialAction\":[{\"@type\":\"ReadAction\",\"target\":[\"https:\/\/blickphotographie.fr\/index.php\/memoire\/\"]}]},{\"@type\":\"BreadcrumbList\",\"@id\":\"https:\/\/blickphotographie.fr\/index.php\/memoire\/#breadcrumb\",\"itemListElement\":[{\"@type\":\"ListItem\",\"position\":1,\"name\":\"Accueil\",\"item\":\"https:\/\/blickphotographie.fr\/\"},{\"@type\":\"ListItem\",\"position\":2,\"name\":\"M\u00e9moire\"}]},{\"@type\":\"WebSite\",\"@id\":\"https:\/\/blickphotographie.fr\/#website\",\"url\":\"https:\/\/blickphotographie.fr\/\",\"name\":\"Blick Photographie\",\"description\":\"\",\"publisher\":{\"@id\":\"https:\/\/blickphotographie.fr\/#organization\"},\"potentialAction\":[{\"@type\":\"SearchAction\",\"target\":{\"@type\":\"EntryPoint\",\"urlTemplate\":\"https:\/\/blickphotographie.fr\/?s={search_term_string}\"},\"query-input\":\"required name=search_term_string\"}],\"inLanguage\":\"fr-FR\"},{\"@type\":\"Organization\",\"@id\":\"https:\/\/blickphotographie.fr\/#organization\",\"name\":\"Blick Photographie\",\"url\":\"https:\/\/blickphotographie.fr\/\",\"logo\":{\"@type\":\"ImageObject\",\"inLanguage\":\"fr-FR\",\"@id\":\"https:\/\/blickphotographie.fr\/#\/schema\/logo\/image\/\",\"url\":\"https:\/\/blickphotographie.fr\/wp-content\/uploads\/2021\/10\/cropped-Logo-Site-Web-Seul.jpg\",\"contentUrl\":\"https:\/\/blickphotographie.fr\/wp-content\/uploads\/2021\/10\/cropped-Logo-Site-Web-Seul.jpg\",\"width\":139,\"height\":150,\"caption\":\"Blick Photographie\"},\"image\":{\"@id\":\"https:\/\/blickphotographie.fr\/#\/schema\/logo\/image\/\"}}]}<\/script>\n<!-- \/ Yoast SEO plugin. -->","yoast_head_json":{"title":"M\u00e9moire - Blick Photographie","robots":{"index":"index","follow":"follow","max-snippet":"max-snippet:-1","max-image-preview":"max-image-preview:large","max-video-preview":"max-video-preview:-1"},"canonical":"https:\/\/blickphotographie.fr\/index.php\/memoire\/","og_locale":"fr_FR","og_type":"article","og_title":"M\u00e9moire - Blick Photographie","og_url":"https:\/\/blickphotographie.fr\/index.php\/memoire\/","og_site_name":"Blick Photographie","article_modified_time":"2025-11-06T15:33:46+00:00","twitter_card":"summary_large_image","twitter_misc":{"Dur\u00e9e de lecture estim\u00e9e":"1 minute"},"schema":{"@context":"https:\/\/schema.org","@graph":[{"@type":"WebPage","@id":"https:\/\/blickphotographie.fr\/index.php\/memoire\/","url":"https:\/\/blickphotographie.fr\/index.php\/memoire\/","name":"M\u00e9moire - Blick Photographie","isPartOf":{"@id":"https:\/\/blickphotographie.fr\/#website"},"datePublished":"2025-10-29T15:11:07+00:00","dateModified":"2025-11-06T15:33:46+00:00","breadcrumb":{"@id":"https:\/\/blickphotographie.fr\/index.php\/memoire\/#breadcrumb"},"inLanguage":"fr-FR","potentialAction":[{"@type":"ReadAction","target":["https:\/\/blickphotographie.fr\/index.php\/memoire\/"]}]},{"@type":"BreadcrumbList","@id":"https:\/\/blickphotographie.fr\/index.php\/memoire\/#breadcrumb","itemListElement":[{"@type":"ListItem","position":1,"name":"Accueil","item":"https:\/\/blickphotographie.fr\/"},{"@type":"ListItem","position":2,"name":"M\u00e9moire"}]},{"@type":"WebSite","@id":"https:\/\/blickphotographie.fr\/#website","url":"https:\/\/blickphotographie.fr\/","name":"Blick Photographie","description":"","publisher":{"@id":"https:\/\/blickphotographie.fr\/#organization"},"potentialAction":[{"@type":"SearchAction","target":{"@type":"EntryPoint","urlTemplate":"https:\/\/blickphotographie.fr\/?s={search_term_string}"},"query-input":"required name=search_term_string"}],"inLanguage":"fr-FR"},{"@type":"Organization","@id":"https:\/\/blickphotographie.fr\/#organization","name":"Blick Photographie","url":"https:\/\/blickphotographie.fr\/","logo":{"@type":"ImageObject","inLanguage":"fr-FR","@id":"https:\/\/blickphotographie.fr\/#\/schema\/logo\/image\/","url":"https:\/\/blickphotographie.fr\/wp-content\/uploads\/2021\/10\/cropped-Logo-Site-Web-Seul.jpg","contentUrl":"https:\/\/blickphotographie.fr\/wp-content\/uploads\/2021\/10\/cropped-Logo-Site-Web-Seul.jpg","width":139,"height":150,"caption":"Blick Photographie"},"image":{"@id":"https:\/\/blickphotographie.fr\/#\/schema\/logo\/image\/"}}]}},"_links":{"self":[{"href":"https:\/\/blickphotographie.fr\/index.php\/wp-json\/wp\/v2\/pages\/27069"}],"collection":[{"href":"https:\/\/blickphotographie.fr\/index.php\/wp-json\/wp\/v2\/pages"}],"about":[{"href":"https:\/\/blickphotographie.fr\/index.php\/wp-json\/wp\/v2\/types\/page"}],"author":[{"embeddable":true,"href":"https:\/\/blickphotographie.fr\/index.php\/wp-json\/wp\/v2\/users\/1"}],"replies":[{"embeddable":true,"href":"https:\/\/blickphotographie.fr\/index.php\/wp-json\/wp\/v2\/comments?post=27069"}],"version-history":[{"count":5,"href":"https:\/\/blickphotographie.fr\/index.php\/wp-json\/wp\/v2\/pages\/27069\/revisions"}],"predecessor-version":[{"id":27595,"href":"https:\/\/blickphotographie.fr\/index.php\/wp-json\/wp\/v2\/pages\/27069\/revisions\/27595"}],"wp:attachment":[{"href":"https:\/\/blickphotographie.fr\/index.php\/wp-json\/wp\/v2\/media?parent=27069"}],"curies":[{"name":"wp","href":"https:\/\/api.w.org\/{rel}","templated":true}]}}