{"id":27070,"date":"2025-10-29T16:12:58","date_gmt":"2025-10-29T15:12:58","guid":{"rendered":"https:\/\/blickphotographie.fr\/?page_id=27070"},"modified":"2025-11-24T10:02:04","modified_gmt":"2025-11-24T09:02:04","slug":"territoire","status":"publish","type":"page","link":"https:\/\/blickphotographie.fr\/index.php\/territoire\/","title":{"rendered":"Territoire"},"content":{"rendered":"<section class=\"vc_row wpb_row vc_row-fluid\"><div class=\"wpb_column vc_column_container vc_col-has-fill vc_col-sm-12  col-xs-mobile-fullwidth\"><div class=\"vc_column-inner vc_custom_1761908885506\"><div class=\"wpb_wrapper\"><div class=\"vc_row wpb_row vc_inner vc_row-fluid\"><div class=\"wpb_column vc_column_container vc_col-sm-12  col-xs-mobile-fullwidth\"><div class=\"vc_column-inner \"><div class=\"wpb_wrapper\">[vc_empty_space height=\u00a0\u00bb200px\u00a0\u00bb el_id=\u00a0\u00bbespace\u00a0\u00bb el_class=\u00a0\u00bbespace\u00a0\u00bb]<\/div><\/div><\/div><\/div><div class=\"featurebox1 pofo-featurebox feature-box-1 featurebox1-1\" ><div class=\"margin-15px-bottom alt-font\"><h3 class=\"text-deep-pink char-value text-medium-gray letter-spacing-minus-1 font-weight-500\" style=\"color:#00ffff; \">&gt;&gt;<\/h3><span class=\"text-large text-extra-dark-gray padding-20px-left sm-padding-15px width-100 line-height-22 display-table-cell vertical-align-middle\" style=\"font-size: 40px;\" data-fontsize=\"40px\">TERRITOIRE<\/span><\/div><\/div>[vc_empty_space height=\u00a0\u00bb100px\u00a0\u00bb]<div class=\"pofo-blog-masonry\"><ul class=\"blog-grid blog-4col gutter-small blog-post-gutter\"><li class=\"grid-sizer\"><\/li><li class=\"grid-item blog-post-style5 blog-style5-1 padding-5px-all\"><div class=\"post-27040 post type-post status-publish format-standard has-post-thumbnail hentry category-residences-de-memoire category-residence-de-territoire\"><div class=\"blog-post\"><div class=\"blog-post-images overflow-hidden position-relative text-center\"><a href=\"https:\/\/blickphotographie.fr\/index.php\/2025\/10\/29\/sur-les-traces-des-sorcieres-de-rossillon\/\"><img width=\"800\" height=\"600\" src=\"https:\/\/blickphotographie.fr\/wp-content\/uploads\/2025\/10\/sorciere2.png\" class=\"attachment-full size-full wp-post-image\" alt=\"\" loading=\"lazy\" title=\"\" srcset=\"https:\/\/blickphotographie.fr\/wp-content\/uploads\/2025\/10\/sorciere2.png 800w, https:\/\/blickphotographie.fr\/wp-content\/uploads\/2025\/10\/sorciere2-300x225.png 300w, https:\/\/blickphotographie.fr\/wp-content\/uploads\/2025\/10\/sorciere2-768x576.png 768w, https:\/\/blickphotographie.fr\/wp-content\/uploads\/2025\/10\/sorciere2-120x90.png 120w, https:\/\/blickphotographie.fr\/wp-content\/uploads\/2025\/10\/sorciere2-81x61.png 81w, https:\/\/blickphotographie.fr\/wp-content\/uploads\/2025\/10\/sorciere2-600x450.png 600w\" sizes=\"(max-width: 800px) 100vw, 800px\" \/><\/a><\/div><div class=\"post-details padding-ten-all bg-white sm-padding-20px-all\" style=\"background-color:#00ffff;\"><div class=\"blog-hover-color\"><\/div><a class=\"alt-font post-title text-medium text-extra-dark-gray display-block margin-10px-bottom entry-title\" href=\"https:\/\/blickphotographie.fr\/index.php\/2025\/10\/29\/sur-les-traces-des-sorcieres-de-rossillon\/\">Les \u00ab\u00a0sorci\u00e8res\u00a0\u00bb de Rossillon &#8211; une m\u00e9moire sous silence<\/a><\/div><\/div><\/div><\/li><li class=\"grid-item blog-post-style5 blog-style5-2 padding-5px-all\"><div class=\"post-27474 post type-post status-publish format-standard has-post-thumbnail hentry category-residence-de-territoire\"><div class=\"blog-post\"><div class=\"blog-post-images overflow-hidden position-relative text-center\"><a href=\"https:\/\/blickphotographie.fr\/index.php\/2022\/11\/05\/albanie\/\"><img width=\"2560\" height=\"2560\" src=\"https:\/\/blickphotographie.fr\/wp-content\/uploads\/2022\/04\/DSCF2532b-scaled.jpg\" class=\"attachment-full size-full wp-post-image\" alt=\"\" loading=\"lazy\" title=\"\" srcset=\"https:\/\/blickphotographie.fr\/wp-content\/uploads\/2022\/04\/DSCF2532b-scaled.jpg 2560w, https:\/\/blickphotographie.fr\/wp-content\/uploads\/2022\/04\/DSCF2532b-300x300.jpg 300w, https:\/\/blickphotographie.fr\/wp-content\/uploads\/2022\/04\/DSCF2532b-1024x1024.jpg 1024w, https:\/\/blickphotographie.fr\/wp-content\/uploads\/2022\/04\/DSCF2532b-150x150.jpg 150w, https:\/\/blickphotographie.fr\/wp-content\/uploads\/2022\/04\/DSCF2532b-768x768.jpg 768w, https:\/\/blickphotographie.fr\/wp-content\/uploads\/2022\/04\/DSCF2532b-1536x1536.jpg 1536w, https:\/\/blickphotographie.fr\/wp-content\/uploads\/2022\/04\/DSCF2532b-2048x2048.jpg 2048w, https:\/\/blickphotographie.fr\/wp-content\/uploads\/2022\/04\/DSCF2532b-771x771.jpg 771w, https:\/\/blickphotographie.fr\/wp-content\/uploads\/2022\/04\/DSCF2532b-120x120.jpg 120w, https:\/\/blickphotographie.fr\/wp-content\/uploads\/2022\/04\/DSCF2532b-81x81.jpg 81w, https:\/\/blickphotographie.fr\/wp-content\/uploads\/2022\/04\/DSCF2532b-600x600.jpg 600w, https:\/\/blickphotographie.fr\/wp-content\/uploads\/2022\/04\/DSCF2532b-100x100.jpg 100w\" sizes=\"(max-width: 2560px) 100vw, 2560px\" \/><\/a><\/div><div class=\"post-details padding-ten-all bg-white sm-padding-20px-all\" style=\"background-color:#00ffff;\"><div class=\"blog-hover-color\"><\/div><a class=\"alt-font post-title text-medium text-extra-dark-gray display-block margin-10px-bottom entry-title\" href=\"https:\/\/blickphotographie.fr\/index.php\/2022\/11\/05\/albanie\/\">Albanie, l&rsquo;\u00e9cho des montagnes<\/a><\/div><\/div><\/div><\/li><li class=\"grid-item blog-post-style5 blog-style5-3 padding-5px-all\"><div class=\"post-24562 post type-post status-publish format-standard has-post-thumbnail hentry category-residence-de-territoire tag-blick tag-exposition tag-memoire tag-residence\"><div class=\"blog-post\"><div class=\"blog-post-images overflow-hidden position-relative text-center\"><a href=\"https:\/\/blickphotographie.fr\/index.php\/2022\/04\/08\/lappel-de-la-foret\/\"><img width=\"1707\" height=\"2560\" src=\"https:\/\/blickphotographie.fr\/wp-content\/uploads\/2022\/04\/ChloeColinjournee_foret_laure-scaled.jpg\" class=\"attachment-full size-full wp-post-image\" alt=\"\" loading=\"lazy\" title=\"\" srcset=\"https:\/\/blickphotographie.fr\/wp-content\/uploads\/2022\/04\/ChloeColinjournee_foret_laure-scaled.jpg 1707w, https:\/\/blickphotographie.fr\/wp-content\/uploads\/2022\/04\/ChloeColinjournee_foret_laure-200x300.jpg 200w, https:\/\/blickphotographie.fr\/wp-content\/uploads\/2022\/04\/ChloeColinjournee_foret_laure-683x1024.jpg 683w, https:\/\/blickphotographie.fr\/wp-content\/uploads\/2022\/04\/ChloeColinjournee_foret_laure-768x1152.jpg 768w, https:\/\/blickphotographie.fr\/wp-content\/uploads\/2022\/04\/ChloeColinjournee_foret_laure-1024x1536.jpg 1024w, https:\/\/blickphotographie.fr\/wp-content\/uploads\/2022\/04\/ChloeColinjournee_foret_laure-1365x2048.jpg 1365w, https:\/\/blickphotographie.fr\/wp-content\/uploads\/2022\/04\/ChloeColinjournee_foret_laure-514x771.jpg 514w, https:\/\/blickphotographie.fr\/wp-content\/uploads\/2022\/04\/ChloeColinjournee_foret_laure-120x180.jpg 120w, https:\/\/blickphotographie.fr\/wp-content\/uploads\/2022\/04\/ChloeColinjournee_foret_laure-81x122.jpg 81w, https:\/\/blickphotographie.fr\/wp-content\/uploads\/2022\/04\/ChloeColinjournee_foret_laure-600x900.jpg 600w\" sizes=\"(max-width: 1707px) 100vw, 1707px\" \/><\/a><\/div><div class=\"post-details padding-ten-all bg-white sm-padding-20px-all\" style=\"background-color:#00ffff;\"><div class=\"blog-hover-color\"><\/div><a class=\"alt-font post-title text-medium text-extra-dark-gray display-block margin-10px-bottom entry-title\" href=\"https:\/\/blickphotographie.fr\/index.php\/2022\/04\/08\/lappel-de-la-foret\/\">L&rsquo;appel de la for\u00eat<\/a><\/div><\/div><\/div><\/li><li class=\"grid-item blog-post-style5 blog-style5-4 padding-5px-all\"><div class=\"post-24518 post type-post status-publish format-standard has-post-thumbnail hentry category-residence-de-territoire tag-blick tag-exposition tag-memoire tag-residence\"><div class=\"blog-post\"><div class=\"blog-post-images overflow-hidden position-relative text-center\"><a href=\"https:\/\/blickphotographie.fr\/index.php\/2020\/08\/30\/especes-despaces\/\"><img width=\"1232\" height=\"960\" src=\"https:\/\/blickphotographie.fr\/wp-content\/uploads\/2022\/04\/1-2.jpeg\" class=\"attachment-full size-full wp-post-image\" alt=\"\" loading=\"lazy\" title=\"\" srcset=\"https:\/\/blickphotographie.fr\/wp-content\/uploads\/2022\/04\/1-2.jpeg 1232w, https:\/\/blickphotographie.fr\/wp-content\/uploads\/2022\/04\/1-2-300x234.jpeg 300w, https:\/\/blickphotographie.fr\/wp-content\/uploads\/2022\/04\/1-2-1024x798.jpeg 1024w, https:\/\/blickphotographie.fr\/wp-content\/uploads\/2022\/04\/1-2-768x598.jpeg 768w, https:\/\/blickphotographie.fr\/wp-content\/uploads\/2022\/04\/1-2-989x771.jpeg 989w, https:\/\/blickphotographie.fr\/wp-content\/uploads\/2022\/04\/1-2-120x94.jpeg 120w, https:\/\/blickphotographie.fr\/wp-content\/uploads\/2022\/04\/1-2-81x63.jpeg 81w, https:\/\/blickphotographie.fr\/wp-content\/uploads\/2022\/04\/1-2-600x468.jpeg 600w\" sizes=\"(max-width: 1232px) 100vw, 1232px\" \/><\/a><\/div><div class=\"post-details padding-ten-all bg-white sm-padding-20px-all\" style=\"background-color:#00ffff;\"><div class=\"blog-hover-color\"><\/div><a class=\"alt-font post-title text-medium text-extra-dark-gray display-block margin-10px-bottom entry-title\" href=\"https:\/\/blickphotographie.fr\/index.php\/2020\/08\/30\/especes-despaces\/\">Prendre le large<\/a><\/div><\/div><\/div><\/li><li class=\"grid-item blog-post-style5 blog-style5-5 padding-5px-all\"><div class=\"post-24534 post type-post status-publish format-standard has-post-thumbnail hentry category-residence-de-territoire tag-blick tag-exposition tag-memoire tag-residence\"><div class=\"blog-post\"><div class=\"blog-post-images overflow-hidden position-relative text-center\"><a href=\"https:\/\/blickphotographie.fr\/index.php\/2018\/06\/30\/territoire-archives-du-futur\/\"><img width=\"1200\" height=\"800\" src=\"https:\/\/blickphotographie.fr\/wp-content\/uploads\/2022\/03\/MG_3777tum.jpg\" class=\"attachment-full size-full wp-post-image\" alt=\"\" loading=\"lazy\" title=\"\" srcset=\"https:\/\/blickphotographie.fr\/wp-content\/uploads\/2022\/03\/MG_3777tum.jpg 1200w, https:\/\/blickphotographie.fr\/wp-content\/uploads\/2022\/03\/MG_3777tum-300x200.jpg 300w, https:\/\/blickphotographie.fr\/wp-content\/uploads\/2022\/03\/MG_3777tum-1024x683.jpg 1024w, https:\/\/blickphotographie.fr\/wp-content\/uploads\/2022\/03\/MG_3777tum-768x512.jpg 768w, https:\/\/blickphotographie.fr\/wp-content\/uploads\/2022\/03\/MG_3777tum-1157x771.jpg 1157w, https:\/\/blickphotographie.fr\/wp-content\/uploads\/2022\/03\/MG_3777tum-120x80.jpg 120w, https:\/\/blickphotographie.fr\/wp-content\/uploads\/2022\/03\/MG_3777tum-81x54.jpg 81w, https:\/\/blickphotographie.fr\/wp-content\/uploads\/2022\/03\/MG_3777tum-600x400.jpg 600w\" sizes=\"(max-width: 1200px) 100vw, 1200px\" \/><\/a><\/div><div class=\"post-details padding-ten-all bg-white sm-padding-20px-all\" style=\"background-color:#00ffff;\"><div class=\"blog-hover-color\"><\/div><a class=\"alt-font post-title text-medium text-extra-dark-gray display-block margin-10px-bottom entry-title\" href=\"https:\/\/blickphotographie.fr\/index.php\/2018\/06\/30\/territoire-archives-du-futur\/\">Archives du futur<\/a><\/div><\/div><\/div><\/li><\/ul><\/div><\/div><\/div><\/div><\/section>\n","protected":false},"excerpt":{"rendered":"TerritoireArchives du futur Une aventure participative et artistique propos\u00e9e aux habitants du quartier de la Plata Tarare sous la forme de rencontres conviviales et d\u2019ateliers cr\u00e9atifs (photo, vid\u00e9o, sculpture). Ils ont imagin\u00e9 l\u2019avenir du quartier de la Plata ainsi que d\u2019autres quartiers de Tarare en mutation, en partant d\u2019\u00e9l\u00e9ments trouv\u00e9s et collect\u00e9s, et en s\u2019appuyant sur des travaux de projection dans l\u2019avenir r\u00e9alis\u00e9s par des urbanistes. Il y a eu une exposition itin\u00e9rante sur le territoire, un livre \u00e9dit\u00e9, une sculpture \u00e9rig\u00e9e. Artistes intervenants : Damien Brailly (photographie) \/ Chlo\u00e9 Colin (vid\u00e9o et photographie) \/ Anna Siekierska (sculpture et dessin) Projet financ\u00e9 par le Fond de dotation InPact et par la Communaut\u00e9 de Commune de l'Ouest Rhodanien autour de la politique de la ville [vc_single_image image=\"24543\" img_size=\"medium\" add_caption=\"yes\"][vc_single_image image=\"24654\" img_size=\"medium\" add_caption=\"yes\"][vc_empty_space height=\"12px\"][vc_single_image image=\"24537\" img_size=\"medium\" add_caption=\"yes\" alignment=\"center\"][vc_single_image image=\"24531\" img_size=\"medium\" add_caption=\"yes\" alignment=\"center\"][vc_empty_space height=\"12px\"][vc_single_image image=\"24539\" img_size=\"medium\" add_caption=\"yes\" alignment=\"center\"][vc_single_image image=\"24541\" img_size=\"medium\" add_caption=\"yes\" alignment=\"center\"]","protected":false},"author":1,"featured_media":0,"parent":0,"menu_order":0,"comment_status":"closed","ping_status":"closed","template":"","meta":[],"yoast_head":"<!-- This site is optimized with the Yoast SEO plugin v20.6 - https:\/\/yoast.com\/wordpress\/plugins\/seo\/ -->\n<title>Territoire - Blick Photographie<\/title>\n<meta name=\"robots\" content=\"index, follow, max-snippet:-1, max-image-preview:large, max-video-preview:-1\" \/>\n<link rel=\"canonical\" href=\"https:\/\/blickphotographie.fr\/index.php\/territoire\/\" \/>\n<meta property=\"og:locale\" content=\"fr_FR\" \/>\n<meta property=\"og:type\" content=\"article\" \/>\n<meta property=\"og:title\" content=\"Territoire - Blick Photographie\" \/>\n<meta property=\"og:url\" content=\"https:\/\/blickphotographie.fr\/index.php\/territoire\/\" \/>\n<meta property=\"og:site_name\" content=\"Blick Photographie\" \/>\n<meta property=\"article:modified_time\" content=\"2025-11-24T09:02:04+00:00\" \/>\n<meta name=\"twitter:card\" content=\"summary_large_image\" \/>\n<meta name=\"twitter:label1\" content=\"Dur\u00e9e de lecture estim\u00e9e\" \/>\n\t<meta name=\"twitter:data1\" content=\"1 minute\" \/>\n<script type=\"application\/ld+json\" class=\"yoast-schema-graph\">{\"@context\":\"https:\/\/schema.org\",\"@graph\":[{\"@type\":\"WebPage\",\"@id\":\"https:\/\/blickphotographie.fr\/index.php\/territoire\/\",\"url\":\"https:\/\/blickphotographie.fr\/index.php\/territoire\/\",\"name\":\"Territoire - Blick Photographie\",\"isPartOf\":{\"@id\":\"https:\/\/blickphotographie.fr\/#website\"},\"datePublished\":\"2025-10-29T15:12:58+00:00\",\"dateModified\":\"2025-11-24T09:02:04+00:00\",\"breadcrumb\":{\"@id\":\"https:\/\/blickphotographie.fr\/index.php\/territoire\/#breadcrumb\"},\"inLanguage\":\"fr-FR\",\"potentialAction\":[{\"@type\":\"ReadAction\",\"target\":[\"https:\/\/blickphotographie.fr\/index.php\/territoire\/\"]}]},{\"@type\":\"BreadcrumbList\",\"@id\":\"https:\/\/blickphotographie.fr\/index.php\/territoire\/#breadcrumb\",\"itemListElement\":[{\"@type\":\"ListItem\",\"position\":1,\"name\":\"Accueil\",\"item\":\"https:\/\/blickphotographie.fr\/\"},{\"@type\":\"ListItem\",\"position\":2,\"name\":\"Territoire\"}]},{\"@type\":\"WebSite\",\"@id\":\"https:\/\/blickphotographie.fr\/#website\",\"url\":\"https:\/\/blickphotographie.fr\/\",\"name\":\"Blick Photographie\",\"description\":\"\",\"publisher\":{\"@id\":\"https:\/\/blickphotographie.fr\/#organization\"},\"potentialAction\":[{\"@type\":\"SearchAction\",\"target\":{\"@type\":\"EntryPoint\",\"urlTemplate\":\"https:\/\/blickphotographie.fr\/?s={search_term_string}\"},\"query-input\":\"required name=search_term_string\"}],\"inLanguage\":\"fr-FR\"},{\"@type\":\"Organization\",\"@id\":\"https:\/\/blickphotographie.fr\/#organization\",\"name\":\"Blick Photographie\",\"url\":\"https:\/\/blickphotographie.fr\/\",\"logo\":{\"@type\":\"ImageObject\",\"inLanguage\":\"fr-FR\",\"@id\":\"https:\/\/blickphotographie.fr\/#\/schema\/logo\/image\/\",\"url\":\"https:\/\/blickphotographie.fr\/wp-content\/uploads\/2021\/10\/cropped-Logo-Site-Web-Seul.jpg\",\"contentUrl\":\"https:\/\/blickphotographie.fr\/wp-content\/uploads\/2021\/10\/cropped-Logo-Site-Web-Seul.jpg\",\"width\":139,\"height\":150,\"caption\":\"Blick Photographie\"},\"image\":{\"@id\":\"https:\/\/blickphotographie.fr\/#\/schema\/logo\/image\/\"}}]}<\/script>\n<!-- \/ Yoast SEO plugin. -->","yoast_head_json":{"title":"Territoire - Blick Photographie","robots":{"index":"index","follow":"follow","max-snippet":"max-snippet:-1","max-image-preview":"max-image-preview:large","max-video-preview":"max-video-preview:-1"},"canonical":"https:\/\/blickphotographie.fr\/index.php\/territoire\/","og_locale":"fr_FR","og_type":"article","og_title":"Territoire - Blick Photographie","og_url":"https:\/\/blickphotographie.fr\/index.php\/territoire\/","og_site_name":"Blick Photographie","article_modified_time":"2025-11-24T09:02:04+00:00","twitter_card":"summary_large_image","twitter_misc":{"Dur\u00e9e de lecture estim\u00e9e":"1 minute"},"schema":{"@context":"https:\/\/schema.org","@graph":[{"@type":"WebPage","@id":"https:\/\/blickphotographie.fr\/index.php\/territoire\/","url":"https:\/\/blickphotographie.fr\/index.php\/territoire\/","name":"Territoire - Blick Photographie","isPartOf":{"@id":"https:\/\/blickphotographie.fr\/#website"},"datePublished":"2025-10-29T15:12:58+00:00","dateModified":"2025-11-24T09:02:04+00:00","breadcrumb":{"@id":"https:\/\/blickphotographie.fr\/index.php\/territoire\/#breadcrumb"},"inLanguage":"fr-FR","potentialAction":[{"@type":"ReadAction","target":["https:\/\/blickphotographie.fr\/index.php\/territoire\/"]}]},{"@type":"BreadcrumbList","@id":"https:\/\/blickphotographie.fr\/index.php\/territoire\/#breadcrumb","itemListElement":[{"@type":"ListItem","position":1,"name":"Accueil","item":"https:\/\/blickphotographie.fr\/"},{"@type":"ListItem","position":2,"name":"Territoire"}]},{"@type":"WebSite","@id":"https:\/\/blickphotographie.fr\/#website","url":"https:\/\/blickphotographie.fr\/","name":"Blick Photographie","description":"","publisher":{"@id":"https:\/\/blickphotographie.fr\/#organization"},"potentialAction":[{"@type":"SearchAction","target":{"@type":"EntryPoint","urlTemplate":"https:\/\/blickphotographie.fr\/?s={search_term_string}"},"query-input":"required name=search_term_string"}],"inLanguage":"fr-FR"},{"@type":"Organization","@id":"https:\/\/blickphotographie.fr\/#organization","name":"Blick Photographie","url":"https:\/\/blickphotographie.fr\/","logo":{"@type":"ImageObject","inLanguage":"fr-FR","@id":"https:\/\/blickphotographie.fr\/#\/schema\/logo\/image\/","url":"https:\/\/blickphotographie.fr\/wp-content\/uploads\/2021\/10\/cropped-Logo-Site-Web-Seul.jpg","contentUrl":"https:\/\/blickphotographie.fr\/wp-content\/uploads\/2021\/10\/cropped-Logo-Site-Web-Seul.jpg","width":139,"height":150,"caption":"Blick Photographie"},"image":{"@id":"https:\/\/blickphotographie.fr\/#\/schema\/logo\/image\/"}}]}},"_links":{"self":[{"href":"https:\/\/blickphotographie.fr\/index.php\/wp-json\/wp\/v2\/pages\/27070"}],"collection":[{"href":"https:\/\/blickphotographie.fr\/index.php\/wp-json\/wp\/v2\/pages"}],"about":[{"href":"https:\/\/blickphotographie.fr\/index.php\/wp-json\/wp\/v2\/types\/page"}],"author":[{"embeddable":true,"href":"https:\/\/blickphotographie.fr\/index.php\/wp-json\/wp\/v2\/users\/1"}],"replies":[{"embeddable":true,"href":"https:\/\/blickphotographie.fr\/index.php\/wp-json\/wp\/v2\/comments?post=27070"}],"version-history":[{"count":7,"href":"https:\/\/blickphotographie.fr\/index.php\/wp-json\/wp\/v2\/pages\/27070\/revisions"}],"predecessor-version":[{"id":27848,"href":"https:\/\/blickphotographie.fr\/index.php\/wp-json\/wp\/v2\/pages\/27070\/revisions\/27848"}],"wp:attachment":[{"href":"https:\/\/blickphotographie.fr\/index.php\/wp-json\/wp\/v2\/media?parent=27070"}],"curies":[{"name":"wp","href":"https:\/\/api.w.org\/{rel}","templated":true}]}}