{"id":27073,"date":"2025-10-29T16:08:53","date_gmt":"2025-10-29T15:08:53","guid":{"rendered":"https:\/\/blickphotographie.fr\/?page_id=27073"},"modified":"2025-11-06T16:34:12","modified_gmt":"2025-11-06T15:34:12","slug":"sante","status":"publish","type":"page","link":"https:\/\/blickphotographie.fr\/index.php\/sante\/","title":{"rendered":"Sant\u00e9"},"content":{"rendered":"<section class=\"vc_row wpb_row vc_row-fluid\"><div class=\"wpb_column vc_column_container vc_col-has-fill vc_col-sm-12  col-xs-mobile-fullwidth\"><div class=\"vc_column-inner vc_custom_1761908809983\"><div class=\"wpb_wrapper\"><div class=\"vc_row wpb_row vc_inner vc_row-fluid\"><div class=\"wpb_column vc_column_container vc_col-sm-12  col-xs-mobile-fullwidth\"><div class=\"vc_column-inner \"><div class=\"wpb_wrapper\">[vc_empty_space height=\u00a0\u00bb200px\u00a0\u00bb el_id=\u00a0\u00bbespace\u00a0\u00bb el_class=\u00a0\u00bbespace\u00a0\u00bb]<\/div><\/div><\/div><\/div><div class=\"featurebox1 pofo-featurebox feature-box-1 featurebox1-1\" ><div class=\"margin-15px-bottom alt-font\"><h3 class=\"text-deep-pink char-value text-medium-gray letter-spacing-minus-1 font-weight-500\" style=\"color:#00ffff; \">&gt;&gt;<\/h3><span class=\"text-large text-extra-dark-gray padding-20px-left sm-padding-15px width-100 line-height-22 display-table-cell vertical-align-middle\" style=\"font-size: 30px;\" data-fontsize=\"30px\">SANT\u00c9<\/span><\/div><\/div>[vc_empty_space height=\u00a0\u00bb100px\u00a0\u00bb]<div class=\"pofo-blog-masonry\"><ul class=\"blog-grid blog-4col gutter-small blog-post-gutter\"><li class=\"grid-sizer\"><\/li><li class=\"grid-item blog-post-style5 blog-style5-1 padding-5px-all\"><div class=\"post-28155 post type-post status-publish format-standard has-post-thumbnail hentry category-residence-culture-et-sante\"><div class=\"blog-post\"><div class=\"blog-post-images overflow-hidden position-relative text-center\"><a href=\"https:\/\/blickphotographie.fr\/index.php\/2022\/11\/25\/nomprojet-3-3\/\"><img width=\"1920\" height=\"2560\" src=\"https:\/\/blickphotographie.fr\/wp-content\/uploads\/2025\/11\/Portraitcouleur1-scaled.jpg\" class=\"attachment-full size-full wp-post-image\" alt=\"\" loading=\"lazy\" title=\"\" srcset=\"https:\/\/blickphotographie.fr\/wp-content\/uploads\/2025\/11\/Portraitcouleur1-scaled.jpg 1920w, https:\/\/blickphotographie.fr\/wp-content\/uploads\/2025\/11\/Portraitcouleur1-225x300.jpg 225w, https:\/\/blickphotographie.fr\/wp-content\/uploads\/2025\/11\/Portraitcouleur1-768x1024.jpg 768w, https:\/\/blickphotographie.fr\/wp-content\/uploads\/2025\/11\/Portraitcouleur1-1152x1536.jpg 1152w, https:\/\/blickphotographie.fr\/wp-content\/uploads\/2025\/11\/Portraitcouleur1-1536x2048.jpg 1536w, https:\/\/blickphotographie.fr\/wp-content\/uploads\/2025\/11\/Portraitcouleur1-578x771.jpg 578w, https:\/\/blickphotographie.fr\/wp-content\/uploads\/2025\/11\/Portraitcouleur1-120x160.jpg 120w, https:\/\/blickphotographie.fr\/wp-content\/uploads\/2025\/11\/Portraitcouleur1-81x108.jpg 81w, https:\/\/blickphotographie.fr\/wp-content\/uploads\/2025\/11\/Portraitcouleur1-600x800.jpg 600w\" sizes=\"(max-width: 1920px) 100vw, 1920px\" \/><\/a><\/div><div class=\"post-details padding-ten-all bg-white sm-padding-20px-all\" style=\"background-color:#00ffff;\"><div class=\"blog-hover-color\"><\/div><a class=\"alt-font post-title text-medium text-extra-dark-gray display-block margin-10px-bottom entry-title\" href=\"https:\/\/blickphotographie.fr\/index.php\/2022\/11\/25\/nomprojet-3-3\/\">Foyers de la Roche Fleurie ORSAC Pr\u00e9meyzel<\/a><\/div><\/div><\/div><\/li><li class=\"grid-item blog-post-style5 blog-style5-2 padding-5px-all\"><div class=\"post-24558 post type-post status-publish format-standard has-post-thumbnail hentry category-residence-culture-et-sante tag-blick tag-exposition tag-memoire tag-residence\"><div class=\"blog-post\"><div class=\"blog-post-images overflow-hidden position-relative text-center\"><a href=\"https:\/\/blickphotographie.fr\/index.php\/2022\/04\/08\/environnement-corps-degages\/\"><img width=\"857\" height=\"1000\" src=\"https:\/\/blickphotographie.fr\/wp-content\/uploads\/2022\/04\/VisuelAfficheOdyneoweb.jpg\" class=\"attachment-full size-full wp-post-image\" alt=\"\" loading=\"lazy\" title=\"\" srcset=\"https:\/\/blickphotographie.fr\/wp-content\/uploads\/2022\/04\/VisuelAfficheOdyneoweb.jpg 857w, https:\/\/blickphotographie.fr\/wp-content\/uploads\/2022\/04\/VisuelAfficheOdyneoweb-257x300.jpg 257w, https:\/\/blickphotographie.fr\/wp-content\/uploads\/2022\/04\/VisuelAfficheOdyneoweb-768x896.jpg 768w, https:\/\/blickphotographie.fr\/wp-content\/uploads\/2022\/04\/VisuelAfficheOdyneoweb-661x771.jpg 661w, https:\/\/blickphotographie.fr\/wp-content\/uploads\/2022\/04\/VisuelAfficheOdyneoweb-120x140.jpg 120w, https:\/\/blickphotographie.fr\/wp-content\/uploads\/2022\/04\/VisuelAfficheOdyneoweb-81x95.jpg 81w, https:\/\/blickphotographie.fr\/wp-content\/uploads\/2022\/04\/VisuelAfficheOdyneoweb-600x700.jpg 600w\" sizes=\"(max-width: 857px) 100vw, 857px\" \/><\/a><\/div><div class=\"post-details padding-ten-all bg-white sm-padding-20px-all\" style=\"background-color:#00ffff;\"><div class=\"blog-hover-color\"><\/div><a class=\"alt-font post-title text-medium text-extra-dark-gray display-block margin-10px-bottom entry-title\" href=\"https:\/\/blickphotographie.fr\/index.php\/2022\/04\/08\/environnement-corps-degages\/\">De notre environnement \u00e0 nos corps d\u00e9gag\u00e9s<\/a><\/div><\/div><\/div><\/li><li class=\"grid-item blog-post-style5 blog-style5-3 padding-5px-all\"><div class=\"post-24315 post type-post status-publish format-standard has-post-thumbnail hentry category-residence-culture-et-sante tag-blick tag-exposition tag-memoire tag-residence\"><div class=\"blog-post\"><div class=\"blog-post-images overflow-hidden position-relative text-center\"><a href=\"https:\/\/blickphotographie.fr\/index.php\/2022\/04\/07\/sante-centrehospitalierbelley\/\"><img width=\"1713\" height=\"2560\" src=\"https:\/\/blickphotographie.fr\/wp-content\/uploads\/2022\/04\/0000305-scaled.jpg\" class=\"attachment-full size-full wp-post-image\" alt=\"\" loading=\"lazy\" title=\"\" srcset=\"https:\/\/blickphotographie.fr\/wp-content\/uploads\/2022\/04\/0000305-scaled.jpg 1713w, https:\/\/blickphotographie.fr\/wp-content\/uploads\/2022\/04\/0000305-201x300.jpg 201w, https:\/\/blickphotographie.fr\/wp-content\/uploads\/2022\/04\/0000305-685x1024.jpg 685w, https:\/\/blickphotographie.fr\/wp-content\/uploads\/2022\/04\/0000305-768x1148.jpg 768w, https:\/\/blickphotographie.fr\/wp-content\/uploads\/2022\/04\/0000305-1028x1536.jpg 1028w, https:\/\/blickphotographie.fr\/wp-content\/uploads\/2022\/04\/0000305-1370x2048.jpg 1370w, https:\/\/blickphotographie.fr\/wp-content\/uploads\/2022\/04\/0000305-516x771.jpg 516w, https:\/\/blickphotographie.fr\/wp-content\/uploads\/2022\/04\/0000305-120x179.jpg 120w, https:\/\/blickphotographie.fr\/wp-content\/uploads\/2022\/04\/0000305-81x121.jpg 81w, https:\/\/blickphotographie.fr\/wp-content\/uploads\/2022\/04\/0000305-600x897.jpg 600w\" sizes=\"(max-width: 1713px) 100vw, 1713px\" \/><\/a><\/div><div class=\"post-details padding-ten-all bg-white sm-padding-20px-all\" style=\"background-color:#00ffff;\"><div class=\"blog-hover-color\"><\/div><a class=\"alt-font post-title text-medium text-extra-dark-gray display-block margin-10px-bottom entry-title\" href=\"https:\/\/blickphotographie.fr\/index.php\/2022\/04\/07\/sante-centrehospitalierbelley\/\">Centre hospitalier de Belley<\/a><\/div><\/div><\/div><\/li><\/ul><\/div><\/div><\/div><\/div><\/section>\n","protected":false},"excerpt":{"rendered":"Sant\u00e9A l\u2019horizon 2019, le Centre hospitalier de Belley doit d\u00e9m\u00e9nager dans des locaux plus modernes. Comme tout lieu qui \u00ab\u00a0dispara\u00eet\u00a0\u00bb, ce d\u00e9m\u00e9nagement est v\u00e9cu avec appr\u00e9hension par les professionnels de sant\u00e9 et les usagers, \u00e9tant pr\u00e9cis\u00e9 que \u00ab\u00a0le Centre Hospitalier de Belley dessert un bassin de population de 50 000 habitants qui correspond au Bugey-sud. Compte tenu de sa position g\u00e9ographique, son attractivit\u00e9 s'\u00e9tend \u00e0 l'avant-pays savoyard et \u00e0 une frange du nord-Is\u00e8re\u00a0\u00bb.\u00a0 Travailler sur le centre hospitalier de Belley, c\u2019est travailler sur l\u2019histoire du lieu mais aussi sur l\u2019image, que d\u00e9gage l\u2019h\u00f4pital. L\u2019h\u00f4pital \u00e9voque \u00e0 la fois le soin, la gu\u00e9rison, les progr\u00e8s de la science mais aussi la maladie, la mort, l\u2019enfermement, la solitude, les longs couloirs blancs. Les artistes de Blick Photographie F\u00e9licien Bonniot et Chlo\u00e9 Colin proposent d\u2019utiliser les mat\u00e9riaux de l\u2019h\u00f4pital utilis\u00e9s et obsol\u00e8tes (m\u00e9dicaux\u00a0: pl\u00e2tre, radios, fluides, instruments utilis\u00e9s et obsol\u00e8tes et les mat\u00e9riaux plus triviaux du quotidien comme des meubles et autres objets) pour les d\u00e9tourner et les r\u00e9utiliser dans un processus artistique de cr\u00e9ation et de conservation. Les diff\u00e9rentes \u00e9tapes de ce processus sont r\u00e9alis\u00e9es en relation avec les usagers et les personnes travaillant \u00e0 l\u2019h\u00f4pital, qui interagissent par la parole, l'\u00e9criture,...","protected":false},"author":1,"featured_media":0,"parent":0,"menu_order":0,"comment_status":"closed","ping_status":"closed","template":"","meta":[],"yoast_head":"<!-- This site is optimized with the Yoast SEO plugin v20.6 - https:\/\/yoast.com\/wordpress\/plugins\/seo\/ -->\n<title>Sant\u00e9 - Blick Photographie<\/title>\n<meta name=\"robots\" content=\"index, follow, max-snippet:-1, max-image-preview:large, max-video-preview:-1\" \/>\n<link rel=\"canonical\" href=\"https:\/\/blickphotographie.fr\/index.php\/sante\/\" \/>\n<meta property=\"og:locale\" content=\"fr_FR\" \/>\n<meta property=\"og:type\" content=\"article\" \/>\n<meta property=\"og:title\" content=\"Sant\u00e9 - Blick Photographie\" \/>\n<meta property=\"og:url\" content=\"https:\/\/blickphotographie.fr\/index.php\/sante\/\" \/>\n<meta property=\"og:site_name\" content=\"Blick Photographie\" \/>\n<meta property=\"article:modified_time\" content=\"2025-11-06T15:34:12+00:00\" \/>\n<meta name=\"twitter:card\" content=\"summary_large_image\" \/>\n<meta name=\"twitter:label1\" content=\"Dur\u00e9e de lecture estim\u00e9e\" \/>\n\t<meta name=\"twitter:data1\" content=\"1 minute\" \/>\n<script type=\"application\/ld+json\" class=\"yoast-schema-graph\">{\"@context\":\"https:\/\/schema.org\",\"@graph\":[{\"@type\":\"WebPage\",\"@id\":\"https:\/\/blickphotographie.fr\/index.php\/sante\/\",\"url\":\"https:\/\/blickphotographie.fr\/index.php\/sante\/\",\"name\":\"Sant\u00e9 - Blick Photographie\",\"isPartOf\":{\"@id\":\"https:\/\/blickphotographie.fr\/#website\"},\"datePublished\":\"2025-10-29T15:08:53+00:00\",\"dateModified\":\"2025-11-06T15:34:12+00:00\",\"breadcrumb\":{\"@id\":\"https:\/\/blickphotographie.fr\/index.php\/sante\/#breadcrumb\"},\"inLanguage\":\"fr-FR\",\"potentialAction\":[{\"@type\":\"ReadAction\",\"target\":[\"https:\/\/blickphotographie.fr\/index.php\/sante\/\"]}]},{\"@type\":\"BreadcrumbList\",\"@id\":\"https:\/\/blickphotographie.fr\/index.php\/sante\/#breadcrumb\",\"itemListElement\":[{\"@type\":\"ListItem\",\"position\":1,\"name\":\"Accueil\",\"item\":\"https:\/\/blickphotographie.fr\/\"},{\"@type\":\"ListItem\",\"position\":2,\"name\":\"Sant\u00e9\"}]},{\"@type\":\"WebSite\",\"@id\":\"https:\/\/blickphotographie.fr\/#website\",\"url\":\"https:\/\/blickphotographie.fr\/\",\"name\":\"Blick Photographie\",\"description\":\"\",\"publisher\":{\"@id\":\"https:\/\/blickphotographie.fr\/#organization\"},\"potentialAction\":[{\"@type\":\"SearchAction\",\"target\":{\"@type\":\"EntryPoint\",\"urlTemplate\":\"https:\/\/blickphotographie.fr\/?s={search_term_string}\"},\"query-input\":\"required name=search_term_string\"}],\"inLanguage\":\"fr-FR\"},{\"@type\":\"Organization\",\"@id\":\"https:\/\/blickphotographie.fr\/#organization\",\"name\":\"Blick Photographie\",\"url\":\"https:\/\/blickphotographie.fr\/\",\"logo\":{\"@type\":\"ImageObject\",\"inLanguage\":\"fr-FR\",\"@id\":\"https:\/\/blickphotographie.fr\/#\/schema\/logo\/image\/\",\"url\":\"https:\/\/blickphotographie.fr\/wp-content\/uploads\/2021\/10\/cropped-Logo-Site-Web-Seul.jpg\",\"contentUrl\":\"https:\/\/blickphotographie.fr\/wp-content\/uploads\/2021\/10\/cropped-Logo-Site-Web-Seul.jpg\",\"width\":139,\"height\":150,\"caption\":\"Blick Photographie\"},\"image\":{\"@id\":\"https:\/\/blickphotographie.fr\/#\/schema\/logo\/image\/\"}}]}<\/script>\n<!-- \/ Yoast SEO plugin. -->","yoast_head_json":{"title":"Sant\u00e9 - Blick Photographie","robots":{"index":"index","follow":"follow","max-snippet":"max-snippet:-1","max-image-preview":"max-image-preview:large","max-video-preview":"max-video-preview:-1"},"canonical":"https:\/\/blickphotographie.fr\/index.php\/sante\/","og_locale":"fr_FR","og_type":"article","og_title":"Sant\u00e9 - Blick Photographie","og_url":"https:\/\/blickphotographie.fr\/index.php\/sante\/","og_site_name":"Blick Photographie","article_modified_time":"2025-11-06T15:34:12+00:00","twitter_card":"summary_large_image","twitter_misc":{"Dur\u00e9e de lecture estim\u00e9e":"1 minute"},"schema":{"@context":"https:\/\/schema.org","@graph":[{"@type":"WebPage","@id":"https:\/\/blickphotographie.fr\/index.php\/sante\/","url":"https:\/\/blickphotographie.fr\/index.php\/sante\/","name":"Sant\u00e9 - Blick Photographie","isPartOf":{"@id":"https:\/\/blickphotographie.fr\/#website"},"datePublished":"2025-10-29T15:08:53+00:00","dateModified":"2025-11-06T15:34:12+00:00","breadcrumb":{"@id":"https:\/\/blickphotographie.fr\/index.php\/sante\/#breadcrumb"},"inLanguage":"fr-FR","potentialAction":[{"@type":"ReadAction","target":["https:\/\/blickphotographie.fr\/index.php\/sante\/"]}]},{"@type":"BreadcrumbList","@id":"https:\/\/blickphotographie.fr\/index.php\/sante\/#breadcrumb","itemListElement":[{"@type":"ListItem","position":1,"name":"Accueil","item":"https:\/\/blickphotographie.fr\/"},{"@type":"ListItem","position":2,"name":"Sant\u00e9"}]},{"@type":"WebSite","@id":"https:\/\/blickphotographie.fr\/#website","url":"https:\/\/blickphotographie.fr\/","name":"Blick Photographie","description":"","publisher":{"@id":"https:\/\/blickphotographie.fr\/#organization"},"potentialAction":[{"@type":"SearchAction","target":{"@type":"EntryPoint","urlTemplate":"https:\/\/blickphotographie.fr\/?s={search_term_string}"},"query-input":"required name=search_term_string"}],"inLanguage":"fr-FR"},{"@type":"Organization","@id":"https:\/\/blickphotographie.fr\/#organization","name":"Blick Photographie","url":"https:\/\/blickphotographie.fr\/","logo":{"@type":"ImageObject","inLanguage":"fr-FR","@id":"https:\/\/blickphotographie.fr\/#\/schema\/logo\/image\/","url":"https:\/\/blickphotographie.fr\/wp-content\/uploads\/2021\/10\/cropped-Logo-Site-Web-Seul.jpg","contentUrl":"https:\/\/blickphotographie.fr\/wp-content\/uploads\/2021\/10\/cropped-Logo-Site-Web-Seul.jpg","width":139,"height":150,"caption":"Blick Photographie"},"image":{"@id":"https:\/\/blickphotographie.fr\/#\/schema\/logo\/image\/"}}]}},"_links":{"self":[{"href":"https:\/\/blickphotographie.fr\/index.php\/wp-json\/wp\/v2\/pages\/27073"}],"collection":[{"href":"https:\/\/blickphotographie.fr\/index.php\/wp-json\/wp\/v2\/pages"}],"about":[{"href":"https:\/\/blickphotographie.fr\/index.php\/wp-json\/wp\/v2\/types\/page"}],"author":[{"embeddable":true,"href":"https:\/\/blickphotographie.fr\/index.php\/wp-json\/wp\/v2\/users\/1"}],"replies":[{"embeddable":true,"href":"https:\/\/blickphotographie.fr\/index.php\/wp-json\/wp\/v2\/comments?post=27073"}],"version-history":[{"count":7,"href":"https:\/\/blickphotographie.fr\/index.php\/wp-json\/wp\/v2\/pages\/27073\/revisions"}],"predecessor-version":[{"id":27596,"href":"https:\/\/blickphotographie.fr\/index.php\/wp-json\/wp\/v2\/pages\/27073\/revisions\/27596"}],"wp:attachment":[{"href":"https:\/\/blickphotographie.fr\/index.php\/wp-json\/wp\/v2\/media?parent=27073"}],"curies":[{"name":"wp","href":"https:\/\/api.w.org\/{rel}","templated":true}]}}